{"id":8042,"date":"2025-02-25T17:40:33","date_gmt":"2025-02-25T16:40:33","guid":{"rendered":"https:\/\/goracypotok.pl\/mapa-stranek\/"},"modified":"2025-08-20T13:35:29","modified_gmt":"2025-08-20T11:35:29","slug":"mapa","status":"publish","type":"page","link":"https:\/\/goracypotok.pl\/cs\/mapa\/","title":{"rendered":"Mapa"},"content":{"rendered":"\t\t<div data-elementor-type=\"wp-page\" data-elementor-id=\"8042\" class=\"elementor elementor-8042 elementor-1009\">\n\t\t\t\t<div class=\"elementor-element elementor-element-2b9ce3f e-flex e-con-boxed e-con e-parent\" data-id=\"2b9ce3f\" data-element_type=\"container\" data-e-type=\"container\" data-settings=\"{&quot;background_background&quot;:&quot;classic&quot;}\">\n\t\t\t\t\t<div class=\"e-con-inner\">\n\t\t\t\t<div class=\"elementor-element elementor-element-15749ad elementor-widget elementor-widget-heading\" data-id=\"15749ad\" data-element_type=\"widget\" data-e-type=\"widget\" data-widget_type=\"heading.default\">\n\t\t\t\t<div class=\"elementor-widget-container\">\n\t\t\t\t\t<h1 class=\"elementor-heading-title elementor-size-default\">Mapa term\u00e1ln\u00edch l\u00e1zn\u00ed Gor\u0105cy Potok<\/h1>\t\t\t\t<\/div>\n\t\t\t\t<\/div>\n\t\t\t\t\t<\/div>\n\t\t\t\t<\/div>\n\t\t<div class=\"elementor-element elementor-element-1438d15 e-flex e-con-boxed elementor-invisible e-con e-parent\" data-id=\"1438d15\" data-element_type=\"container\" data-e-type=\"container\" data-settings=\"{&quot;animation&quot;:&quot;zoomIn&quot;}\">\n\t\t\t\t\t<div class=\"e-con-inner\">\n\t\t\t\t<div class=\"elementor-element elementor-element-500ca95 elementor-widget elementor-widget-heading\" data-id=\"500ca95\" data-element_type=\"widget\" data-e-type=\"widget\" data-widget_type=\"heading.default\">\n\t\t\t\t<div class=\"elementor-widget-container\">\n\t\t\t\t\t<h2 class=\"elementor-heading-title elementor-size-default\">Mapa komplexu term\u00e1ln\u00edch l\u00e1zn\u00ed Gorny Potok<\/h2>\t\t\t\t<\/div>\n\t\t\t\t<\/div>\n\t\t\t\t<div class=\"elementor-element elementor-element-6e3e225 elementor-widget elementor-widget-text-editor\" data-id=\"6e3e225\" data-element_type=\"widget\" data-e-type=\"widget\" data-widget_type=\"text-editor.default\">\n\t\t\t\t<div class=\"elementor-widget-container\">\n\t\t\t\t\t\t\t\t\t<p>objevte na\u0161e <strong>term\u00e1ln\u00ed l\u00e1zn\u011b<\/strong><\/p>\t\t\t\t\t\t\t\t<\/div>\n\t\t\t\t<\/div>\n\t\t\t\t<div class=\"elementor-element elementor-element-83a4797 elementor-widget elementor-widget-text-editor\" data-id=\"83a4797\" data-element_type=\"widget\" data-e-type=\"widget\" data-widget_type=\"text-editor.default\">\n\t\t\t\t<div class=\"elementor-widget-container\">\n\t\t\t\t\t\t\t\t\t<p>D\u00edky map\u011b term\u00e1ln\u00edch l\u00e1zn\u00ed Gor\u0105cy Potok rychle najdete, co a kde hled\u00e1te &#8211; od baz\u00e9n\u016f s p\u0159\u00edrodn\u011b horkou vodou, saunov\u00e9 \u010d\u00e1sti, relaxa\u010dn\u00ed z\u00f3ny s v\u00ed\u0159ivkou, bahenn\u00edch l\u00e1zn\u00ed a letn\u00edho d\u011btsk\u00e9ho koutku a\u017e po restauraci a sez\u00f3nn\u00ed bary, kde si m\u016f\u017eete vychutnat chutn\u00e1 j\u00eddla.<\/p>\t\t\t\t\t\t\t\t<\/div>\n\t\t\t\t<\/div>\n\t\t\t\t\t<\/div>\n\t\t\t\t<\/div>\n\t\t<div class=\"elementor-element elementor-element-bbc282d e-flex e-con-boxed e-con e-parent\" data-id=\"bbc282d\" data-element_type=\"container\" data-e-type=\"container\">\n\t\t\t\t\t<div class=\"e-con-inner\">\n\t\t\t\t<div class=\"elementor-element elementor-element-f2c19eb elementor-widget elementor-widget-image\" data-id=\"f2c19eb\" data-element_type=\"widget\" data-e-type=\"widget\" data-widget_type=\"image.default\">\n\t\t\t\t<div class=\"elementor-widget-container\">\n\t\t\t\t\t\t\t\t\t\t\t\t\t\t\t\t<a href=\"https:\/\/goracypotok.pl\/wp-content\/uploads\/2025\/07\/mapa-term-goracy-potok-.webp\" data-elementor-open-lightbox=\"yes\" data-e-action-hash=\"#elementor-action%3Aaction%3Dlightbox%26settings%3DeyJpZCI6ODA0OCwidXJsIjoiaHR0cHM6XC9cL2dvcmFjeXBvdG9rLnBsXC93cC1jb250ZW50XC91cGxvYWRzXC8yMDI1XC8wN1wvbWFwYS10ZXJtLWdvcmFjeS1wb3Rvay0ud2VicCJ9\">\n\t\t\t\t\t\t\t<img fetchpriority=\"high\" decoding=\"async\" width=\"2000\" height=\"1310\" src=\"https:\/\/goracypotok.pl\/wp-content\/uploads\/2025\/07\/mapa-term-goracy-potok-.webp\" class=\"attachment-full size-full wp-image-8048\" alt=\"\" srcset=\"https:\/\/goracypotok.pl\/wp-content\/uploads\/2025\/07\/mapa-term-goracy-potok-.webp 2000w, https:\/\/goracypotok.pl\/wp-content\/uploads\/2025\/07\/mapa-term-goracy-potok--300x197.webp 300w, https:\/\/goracypotok.pl\/wp-content\/uploads\/2025\/07\/mapa-term-goracy-potok--1024x671.webp 1024w, https:\/\/goracypotok.pl\/wp-content\/uploads\/2025\/07\/mapa-term-goracy-potok--768x503.webp 768w, https:\/\/goracypotok.pl\/wp-content\/uploads\/2025\/07\/mapa-term-goracy-potok--1536x1006.webp 1536w\" sizes=\"(max-width: 2000px) 100vw, 2000px\" \/>\t\t\t\t\t\t\t\t<\/a>\n\t\t\t\t\t\t\t\t\t\t\t\t\t\t\t<\/div>\n\t\t\t\t<\/div>\n\t\t\t\t\t<\/div>\n\t\t\t\t<\/div>\n\t\t<div class=\"elementor-element elementor-element-771fc2e elementor-hidden-desktop elementor-hidden-tablet elementor-hidden-mobile e-flex e-con-boxed elementor-invisible e-con e-parent\" data-id=\"771fc2e\" data-element_type=\"container\" data-e-type=\"container\" data-settings=\"{&quot;animation&quot;:&quot;zoomIn&quot;}\">\n\t\t\t\t\t<div class=\"e-con-inner\">\n\t\t\t\t<div class=\"elementor-element elementor-element-86337a0 elementor-widget elementor-widget-heading\" data-id=\"86337a0\" data-element_type=\"widget\" data-e-type=\"widget\" data-widget_type=\"heading.default\">\n\t\t\t\t<div class=\"elementor-widget-container\">\n\t\t\t\t\t<h2 class=\"elementor-heading-title elementor-size-default\">Objevte jednotliv\u00e9 z\u00f3ny na\u0161ich term\u00e1ln\u00edch l\u00e1zn\u00ed<\/h2>\t\t\t\t<\/div>\n\t\t\t\t<\/div>\n\t\t\t\t<div class=\"elementor-element elementor-element-84547ae elementor-widget elementor-widget-text-editor\" data-id=\"84547ae\" data-element_type=\"widget\" data-e-type=\"widget\" data-widget_type=\"text-editor.default\">\n\t\t\t\t<div class=\"elementor-widget-container\">\n\t\t\t\t\t\t\t\t\t<p>objevte na\u0161e <strong>term\u00e1ln\u00ed l\u00e1zn\u011b<\/strong><\/p>\t\t\t\t\t\t\t\t<\/div>\n\t\t\t\t<\/div>\n\t\t\t\t<div class=\"elementor-element elementor-element-6d32b6d elementor-widget elementor-widget-text-editor\" data-id=\"6d32b6d\" data-element_type=\"widget\" data-e-type=\"widget\" data-widget_type=\"text-editor.default\">\n\t\t\t\t<div class=\"elementor-widget-container\">\n\t\t\t\t\t\t\t\t\t<p>D\u00edky map\u011b term\u00e1ln\u00edch l\u00e1zn\u00ed Gor\u0105cy Potok rychle najdete, co a kde hled\u00e1te &#8211; od baz\u00e9n\u016f s p\u0159\u00edrodn\u011b horkou vodou, saunov\u00e9 \u010d\u00e1sti, relaxa\u010dn\u00ed z\u00f3ny s v\u00ed\u0159ivkou, bahenn\u00edch l\u00e1zn\u00ed a letn\u00edho d\u011btsk\u00e9ho koutku a\u017e po restauraci a sez\u00f3nn\u00ed bary, kde si m\u016f\u017eete vychutnat chutn\u00e1 j\u00eddla.<\/p>\t\t\t\t\t\t\t\t<\/div>\n\t\t\t\t<\/div>\n\t\t\t\t\t<\/div>\n\t\t\t\t<\/div>\n\t\t\t\t<\/div>\n\t\t","protected":false},"excerpt":{"rendered":"<p>Mapa term\u00e1ln\u00edch l\u00e1zn\u00ed Gor\u0105cy Potok Mapa komplexu term\u00e1ln\u00edch l\u00e1zn\u00ed Gorny Potok objevte na\u0161e term\u00e1ln\u00ed l\u00e1zn\u011b D\u00edky map\u011b term\u00e1ln\u00edch l\u00e1zn\u00ed Gor\u0105cy Potok rychle najdete, co a kde hled\u00e1te &#8211; od baz\u00e9n\u016f s p\u0159\u00edrodn\u011b horkou vodou, saunov\u00e9 \u010d\u00e1sti, relaxa\u010dn\u00ed z\u00f3ny s v\u00ed\u0159ivkou, bahenn\u00edch l\u00e1zn\u00ed a letn\u00edho d\u011btsk\u00e9ho koutku a\u017e po restauraci a sez\u00f3nn\u00ed bary, kde si m\u016f\u017eete [&hellip;]<\/p>\n","protected":false},"author":1,"featured_media":0,"parent":0,"menu_order":0,"comment_status":"closed","ping_status":"closed","template":"","meta":{"footnotes":""},"class_list":["post-8042","page","type-page","status-publish","hentry"],"blocksy_meta":[],"_links":{"self":[{"href":"https:\/\/goracypotok.pl\/cs\/wp-json\/wp\/v2\/pages\/8042","targetHints":{"allow":["GET"]}}],"collection":[{"href":"https:\/\/goracypotok.pl\/cs\/wp-json\/wp\/v2\/pages"}],"about":[{"href":"https:\/\/goracypotok.pl\/cs\/wp-json\/wp\/v2\/types\/page"}],"author":[{"embeddable":true,"href":"https:\/\/goracypotok.pl\/cs\/wp-json\/wp\/v2\/users\/1"}],"replies":[{"embeddable":true,"href":"https:\/\/goracypotok.pl\/cs\/wp-json\/wp\/v2\/comments?post=8042"}],"version-history":[{"count":5,"href":"https:\/\/goracypotok.pl\/cs\/wp-json\/wp\/v2\/pages\/8042\/revisions"}],"predecessor-version":[{"id":8530,"href":"https:\/\/goracypotok.pl\/cs\/wp-json\/wp\/v2\/pages\/8042\/revisions\/8530"}],"wp:attachment":[{"href":"https:\/\/goracypotok.pl\/cs\/wp-json\/wp\/v2\/media?parent=8042"}],"curies":[{"name":"wp","href":"https:\/\/api.w.org\/{rel}","templated":true}]}}