{"id":8058,"date":"2025-02-25T17:26:37","date_gmt":"2025-02-25T16:26:37","guid":{"rendered":"https:\/\/goracypotok.pl\/bahenni-koupele\/"},"modified":"2026-03-31T15:31:15","modified_gmt":"2026-03-31T13:31:15","slug":"bahenni-koupele","status":"publish","type":"page","link":"https:\/\/goracypotok.pl\/cs\/bahenni-koupele\/","title":{"rendered":"Bahenn\u00ed koupele"},"content":{"rendered":"\t\t<div data-elementor-type=\"wp-page\" data-elementor-id=\"8058\" class=\"elementor elementor-8058 elementor-989\">\n\t\t\t\t<div class=\"elementor-element elementor-element-44ecba0 e-flex e-con-boxed e-con e-parent\" data-id=\"44ecba0\" data-element_type=\"container\" data-e-type=\"container\" data-settings=\"{&quot;background_background&quot;:&quot;classic&quot;}\">\n\t\t\t\t\t<div class=\"e-con-inner\">\n\t\t<div class=\"elementor-element elementor-element-6ba3b06 e-con-full e-flex elementor-invisible e-con e-child\" data-id=\"6ba3b06\" data-element_type=\"container\" data-e-type=\"container\" data-settings=\"{&quot;animation&quot;:&quot;zoomIn&quot;}\">\n\t\t\t\t<div class=\"elementor-element elementor-element-4adf114 elementor-widget elementor-widget-heading\" data-id=\"4adf114\" data-element_type=\"widget\" data-e-type=\"widget\" data-widget_type=\"heading.default\">\n\t\t\t\t<div class=\"elementor-widget-container\">\n\t\t\t\t\t<h1 class=\"elementor-heading-title elementor-size-default\">Bahenn\u00ed koupele<\/h1>\t\t\t\t<\/div>\n\t\t\t\t<\/div>\n\t\t\t\t<div class=\"elementor-element elementor-element-2712560 elementor-widget elementor-widget-text-editor\" data-id=\"2712560\" data-element_type=\"widget\" data-e-type=\"widget\" data-widget_type=\"text-editor.default\">\n\t\t\t\t<div class=\"elementor-widget-container\">\n\t\t\t\t\t\t\t\t\t<p>v are\u00e1lu SPA&amp;Wellness &#8222;Grzysno Przyjemno\u015b\u0107&#8220;<\/p>\t\t\t\t\t\t\t\t<\/div>\n\t\t\t\t<\/div>\n\t\t\t\t<\/div>\n\t\t\t\t\t<\/div>\n\t\t\t\t<\/div>\n\t\t<div class=\"elementor-element elementor-element-bc454de e-flex e-con-boxed elementor-invisible e-con e-parent\" data-id=\"bc454de\" data-element_type=\"container\" data-e-type=\"container\" data-settings=\"{&quot;animation&quot;:&quot;fadeInUp&quot;}\">\n\t\t\t\t\t<div class=\"e-con-inner\">\n\t\t\t\t<div class=\"elementor-element elementor-element-02ab605 elementor-widget__width-initial elementor-widget elementor-widget-heading\" data-id=\"02ab605\" data-element_type=\"widget\" data-e-type=\"widget\" data-widget_type=\"heading.default\">\n\t\t\t\t<div class=\"elementor-widget-container\">\n\t\t\t\t\t<h2 class=\"elementor-heading-title elementor-size-default\">Bahenn\u00ed koupele<\/h2>\t\t\t\t<\/div>\n\t\t\t\t<\/div>\n\t\t\t\t<div class=\"elementor-element elementor-element-2cb41b2 elementor-widget elementor-widget-text-editor\" data-id=\"2cb41b2\" data-element_type=\"widget\" data-e-type=\"widget\" data-widget_type=\"text-editor.default\">\n\t\t\t\t<div class=\"elementor-widget-container\">\n\t\t\t\t\t\t\t\t\t<p>v <strong>term\u00e1ln\u00edch l\u00e1zn\u00edch Gorny Potok<\/strong><\/p>\t\t\t\t\t\t\t\t<\/div>\n\t\t\t\t<\/div>\n\t\t\t\t<div class=\"elementor-element elementor-element-f1c6c9b elementor-widget elementor-widget-text-editor\" data-id=\"f1c6c9b\" data-element_type=\"widget\" data-e-type=\"widget\" data-widget_type=\"text-editor.default\">\n\t\t\t\t<div class=\"elementor-widget-container\">\n\t\t\t\t\t\t\t\t\t<p>Sou\u010d\u00e1st\u00ed SPA &amp; Wellness z\u00f3ny je i podz\u00f3na s bahenn\u00edmi koupelemi ve speci\u00e1ln\u011b p\u0159ipraven\u00fdch k\u00e1d\u00edch. Bahno se dod\u00e1v\u00e1 z \u010cern\u00e9ho Dunajce. Bahenn\u00ed koupele pat\u0159\u00ed k nejobl\u00edben\u011bj\u0161\u00edm terapeutick\u00fdm koupel\u00edm na sv\u011bt\u011b. Maj\u00ed zdravotn\u00ed a kosmetick\u00e9 \u00fa\u010dinky: zpev\u0148uj\u00ed, omlazuj\u00ed a vy\u017eivuj\u00ed poko\u017eku obli\u010deje i t\u011bla.  <\/p>\t\t\t\t\t\t\t\t<\/div>\n\t\t\t\t<\/div>\n\t\t\t\t\t<\/div>\n\t\t\t\t<\/div>\n\t\t<div class=\"elementor-element elementor-element-48f23f0 e-flex e-con-boxed elementor-invisible e-con e-parent\" data-id=\"48f23f0\" data-element_type=\"container\" data-e-type=\"container\" data-settings=\"{&quot;animation&quot;:&quot;fadeInUp&quot;}\">\n\t\t\t\t\t<div class=\"e-con-inner\">\n\t\t<div class=\"elementor-element elementor-element-215fa29 e-con-full e-flex e-con e-child\" data-id=\"215fa29\" data-element_type=\"container\" data-e-type=\"container\">\n\t\t\t\t<div class=\"elementor-element elementor-element-7bea60c elementor-widget elementor-widget-text-editor\" data-id=\"7bea60c\" data-element_type=\"widget\" data-e-type=\"widget\" data-widget_type=\"text-editor.default\">\n\t\t\t\t<div class=\"elementor-widget-container\">\n\t\t\t\t\t\t\t\t\t<h2><strong>Co je to borovina?<\/strong><\/h2><p>Borovina &#8211; je neodvodn\u011bn\u00e1 ra\u0161elina, kter\u00e1 vznik\u00e1 rozkladem ba\u017einat\u00e9 vegetace za \u00fa\u010dasti vzduchu a mikroorganism\u016f (p\u0159edev\u0161\u00edm bakteri\u00ed). Za zm\u00ednku stoj\u00ed, \u017ee lo\u017eiska, z nich\u017e ra\u0161elina vznik\u00e1, vznikla po \u00fastupu ledovce (asi 10 000 let p\u0159ed na\u0161\u00edm letopo\u010dtem!). Dodnes se pou\u017e\u00edv\u00e1 p\u0159i l\u00e9\u010db\u011b a l\u00e9\u010den\u00ed. Tato organick\u00e1 hmota vykazuje antibakteri\u00e1ln\u00ed a protipl\u00eds\u0148ov\u00e9 vlastnosti. Zlep\u0161uje bun\u011b\u010dn\u00fd metabolismus a okysli\u010dov\u00e1n\u00ed tk\u00e1n\u00ed t\u00edm, \u017ee zvy\u0161uje krevn\u00ed ob\u011bh.    <\/p>\t\t\t\t\t\t\t\t<\/div>\n\t\t\t\t<\/div>\n\t\t\t\t<\/div>\n\t\t\t\t\t<\/div>\n\t\t\t\t<\/div>\n\t\t<div class=\"elementor-element elementor-element-bcb7310 e-flex e-con-boxed e-con e-parent\" data-id=\"bcb7310\" data-element_type=\"container\" data-e-type=\"container\">\n\t\t\t\t\t<div class=\"e-con-inner\">\n\t\t<div class=\"elementor-element elementor-element-11a1e64 e-con-full e-flex elementor-invisible e-con e-child\" data-id=\"11a1e64\" data-element_type=\"container\" data-e-type=\"container\" data-settings=\"{&quot;animation&quot;:&quot;fadeInLeft&quot;}\">\n\t\t\t\t<div class=\"elementor-element elementor-element-f988c6c elementor-widget elementor-widget-heading\" data-id=\"f988c6c\" data-element_type=\"widget\" data-e-type=\"widget\" data-widget_type=\"heading.default\">\n\t\t\t\t<div class=\"elementor-widget-container\">\n\t\t\t\t\t<h2 class=\"elementor-heading-title elementor-size-default\">Borovina - pou\u017eit\u00ed v kosmetice<\/h2>\t\t\t\t<\/div>\n\t\t\t\t<\/div>\n\t\t\t\t<div class=\"elementor-element elementor-element-7768453 elementor-widget elementor-widget-text-editor\" data-id=\"7768453\" data-element_type=\"widget\" data-e-type=\"widget\" data-widget_type=\"text-editor.default\">\n\t\t\t\t<div class=\"elementor-widget-container\">\n\t\t\t\t\t\t\t\t\t<p><strong>p\u0159\u00ednosy pro<\/strong> poko\u017eku a t\u011blo<\/p>\t\t\t\t\t\t\t\t<\/div>\n\t\t\t\t<\/div>\n\t\t\t\t<div class=\"elementor-element elementor-element-330cc97 elementor-widget elementor-widget-text-editor\" data-id=\"330cc97\" data-element_type=\"widget\" data-e-type=\"widget\" data-widget_type=\"text-editor.default\">\n\t\t\t\t<div class=\"elementor-widget-container\">\n\t\t\t\t\t\t\t\t\t<ul><li>Detoxikuje a \u010dist\u00ed poko\u017eku,<\/li><li>Uklid\u0148uj\u00edc\u00ed, relaxa\u010dn\u00ed a po\u017eitk\u00e1\u0159sk\u00fd,<\/li><li>Podporuje redukci celulitidy,<\/li><li>Zpev\u0148uje a vyp\u00edn\u00e1 poko\u017eku obli\u010deje a t\u011bla,<\/li><li>Omlazuje, redukuje a zmen\u0161uje vr\u00e1sky,<\/li><li>Zesv\u011btluje akn\u00e9 a slune\u010dn\u00ed zabarven\u00ed,<\/li><li>M\u00e1 protiakn\u00e9 a protiz\u00e1n\u011btliv\u00e9 \u00fa\u010dinky,<\/li><li>Posiluje vlasy, omezuje jejich vypad\u00e1v\u00e1n\u00ed a zlep\u0161uje jejich stav.<\/li><\/ul>\t\t\t\t\t\t\t\t<\/div>\n\t\t\t\t<\/div>\n\t\t\t\t<\/div>\n\t\t<div class=\"elementor-element elementor-element-0d4041f e-con-full e-flex elementor-invisible e-con e-child\" data-id=\"0d4041f\" data-element_type=\"container\" data-e-type=\"container\" data-settings=\"{&quot;animation&quot;:&quot;fadeInRight&quot;}\">\n\t\t\t\t<div class=\"elementor-element elementor-element-07a4ce9 elementor-widget elementor-widget-image\" data-id=\"07a4ce9\" data-element_type=\"widget\" data-e-type=\"widget\" data-widget_type=\"image.default\">\n\t\t\t\t<div class=\"elementor-widget-container\">\n\t\t\t\t\t\t\t\t\t\t\t\t\t\t\t<img fetchpriority=\"high\" decoding=\"async\" width=\"1200\" height=\"800\" src=\"https:\/\/goracypotok.pl\/wp-content\/uploads\/2025\/07\/wiaderko-borowina.webp\" class=\"attachment-full size-full wp-image-8065\" alt=\"Wiaderko z borowin\u0105\" srcset=\"https:\/\/goracypotok.pl\/wp-content\/uploads\/2025\/07\/wiaderko-borowina.webp 1200w, https:\/\/goracypotok.pl\/wp-content\/uploads\/2025\/07\/wiaderko-borowina-300x200.webp 300w, https:\/\/goracypotok.pl\/wp-content\/uploads\/2025\/07\/wiaderko-borowina-1024x683.webp 1024w, https:\/\/goracypotok.pl\/wp-content\/uploads\/2025\/07\/wiaderko-borowina-768x512.webp 768w, https:\/\/goracypotok.pl\/wp-content\/uploads\/2025\/07\/wiaderko-borowina-391x260.webp 391w\" sizes=\"(max-width: 1200px) 100vw, 1200px\" \/>\t\t\t\t\t\t\t\t\t\t\t\t\t\t\t<\/div>\n\t\t\t\t<\/div>\n\t\t\t\t<\/div>\n\t\t\t\t\t<\/div>\n\t\t\t\t<\/div>\n\t\t<div class=\"elementor-element elementor-element-c1f4b17 e-flex e-con-boxed e-con e-parent\" data-id=\"c1f4b17\" data-element_type=\"container\" data-e-type=\"container\">\n\t\t\t\t\t<div class=\"e-con-inner\">\n\t\t<div class=\"elementor-element elementor-element-026957f e-con-full e-flex elementor-invisible e-con e-child\" data-id=\"026957f\" data-element_type=\"container\" data-e-type=\"container\" data-settings=\"{&quot;animation&quot;:&quot;fadeInLeft&quot;}\">\n\t\t\t\t<div class=\"elementor-element elementor-element-8b35510 elementor-widget elementor-widget-image\" data-id=\"8b35510\" data-element_type=\"widget\" data-e-type=\"widget\" data-widget_type=\"image.default\">\n\t\t\t\t<div class=\"elementor-widget-container\">\n\t\t\t\t\t\t\t\t\t\t\t\t\t\t\t<img decoding=\"async\" width=\"1200\" height=\"800\" src=\"https:\/\/goracypotok.pl\/wp-content\/uploads\/2025\/07\/masaz-twarzy-borowina.webp\" class=\"attachment-full size-full wp-image-8060\" alt=\"Masa\u017c twarzy borowin\u0105\" srcset=\"https:\/\/goracypotok.pl\/wp-content\/uploads\/2025\/07\/masaz-twarzy-borowina.webp 1200w, https:\/\/goracypotok.pl\/wp-content\/uploads\/2025\/07\/masaz-twarzy-borowina-300x200.webp 300w, https:\/\/goracypotok.pl\/wp-content\/uploads\/2025\/07\/masaz-twarzy-borowina-1024x683.webp 1024w, https:\/\/goracypotok.pl\/wp-content\/uploads\/2025\/07\/masaz-twarzy-borowina-768x512.webp 768w, https:\/\/goracypotok.pl\/wp-content\/uploads\/2025\/07\/masaz-twarzy-borowina-391x260.webp 391w\" sizes=\"(max-width: 1200px) 100vw, 1200px\" \/>\t\t\t\t\t\t\t\t\t\t\t\t\t\t\t<\/div>\n\t\t\t\t<\/div>\n\t\t\t\t<\/div>\n\t\t<div class=\"elementor-element elementor-element-a894ec6 e-con-full e-flex elementor-invisible e-con e-child\" data-id=\"a894ec6\" data-element_type=\"container\" data-e-type=\"container\" data-settings=\"{&quot;animation&quot;:&quot;fadeInRight&quot;}\">\n\t\t\t\t<div class=\"elementor-element elementor-element-739de43 elementor-widget elementor-widget-heading\" data-id=\"739de43\" data-element_type=\"widget\" data-e-type=\"widget\" data-widget_type=\"heading.default\">\n\t\t\t\t<div class=\"elementor-widget-container\">\n\t\t\t\t\t<h2 class=\"elementor-heading-title elementor-size-default\">L\u00e9\u010debn\u00e9 vyu\u017eit\u00ed boroviny<\/h2>\t\t\t\t<\/div>\n\t\t\t\t<\/div>\n\t\t\t\t<div class=\"elementor-element elementor-element-f123d45 elementor-widget elementor-widget-text-editor\" data-id=\"f123d45\" data-element_type=\"widget\" data-e-type=\"widget\" data-widget_type=\"text-editor.default\">\n\t\t\t\t<div class=\"elementor-widget-container\">\n\t\t\t\t\t\t\t\t\t<p>objevte <strong>zdrav\u00ed prosp\u011b\u0161n\u00e9 vlastnosti ra\u0161eliny<\/strong><\/p>\t\t\t\t\t\t\t\t<\/div>\n\t\t\t\t<\/div>\n\t\t\t\t<div class=\"elementor-element elementor-element-092f771 elementor-widget elementor-widget-text-editor\" data-id=\"092f771\" data-element_type=\"widget\" data-e-type=\"widget\" data-widget_type=\"text-editor.default\">\n\t\t\t\t<div class=\"elementor-widget-container\">\n\t\t\t\t\t\t\t\t\t<ul><li>Zm\u00edr\u0148uje bolestivou menstruaci a p\u0159\u00edznaky menopauzy,<\/li><li>Urychluje hojen\u00ed z\u00e1n\u011bt\u016f pochvy, adnex a eroz\u00ed,<\/li><li>Ulevuje od bolesti zad, revmatick\u00fdch bolest\u00ed, bolesti ischiasu, bolesti po operac\u00edch,<\/li><li>O\u0161et\u0159uje otoky a mod\u0159iny,<\/li><li>Zm\u00edr\u0148uje z\u00e1n\u011btliv\u00e9 st\u0159evn\u00ed pot\u00ed\u017ee a v\u0159edovou chorobu, uvol\u0148uje st\u0159evn\u00ed k\u0159e\u010de,<\/li><li>Uvol\u0148uje napjat\u00e9 svaly v cel\u00e9m t\u011ble,<\/li><li>Indikov\u00e1n u ovari\u00e1ln\u00ed hormon\u00e1ln\u00ed hypotyre\u00f3zy,<\/li><li>M\u00e1 uvol\u0148uj\u00edc\u00ed \u00fa\u010dinek p\u0159i stavech nadm\u011brn\u00e9ho nervov\u00e9ho nap\u011bt\u00ed.<\/li><\/ul>\t\t\t\t\t\t\t\t<\/div>\n\t\t\t\t<\/div>\n\t\t\t\t<\/div>\n\t\t\t\t\t<\/div>\n\t\t\t\t<\/div>\n\t\t<div class=\"elementor-element elementor-element-5bc2f52 e-flex e-con-boxed elementor-invisible e-con e-parent\" data-id=\"5bc2f52\" data-element_type=\"container\" data-e-type=\"container\" data-settings=\"{&quot;animation&quot;:&quot;fadeInUp&quot;}\">\n\t\t\t\t\t<div class=\"e-con-inner\">\n\t\t\t\t<div class=\"elementor-element elementor-element-84d3273 elementor-widget elementor-widget-image\" data-id=\"84d3273\" data-element_type=\"widget\" data-e-type=\"widget\" data-widget_type=\"image.default\">\n\t\t\t\t<div class=\"elementor-widget-container\">\n\t\t\t\t\t\t\t\t\t\t\t\t\t\t\t<img decoding=\"async\" src=\"https:\/\/goracypotok.pl\/wp-content\/uploads\/2025\/06\/borowiny-strefa-spa.webp\" title=\"\" alt=\"Borowiny w strefie SPA\" loading=\"lazy\" \/>\t\t\t\t\t\t\t\t\t\t\t\t\t\t\t<\/div>\n\t\t\t\t<\/div>\n\t\t\t\t<div class=\"elementor-element elementor-element-d1ebe89 elementor-widget elementor-widget-image\" data-id=\"d1ebe89\" data-element_type=\"widget\" data-e-type=\"widget\" data-widget_type=\"image.default\">\n\t\t\t\t<div class=\"elementor-widget-container\">\n\t\t\t\t\t\t\t\t\t\t\t\t\t\t\t<img decoding=\"async\" width=\"600\" height=\"900\" src=\"https:\/\/goracypotok.pl\/wp-content\/uploads\/2025\/06\/kapiele-borowinowe-termy-goracy-potok.webp\" class=\"attachment-full size-full wp-image-8059\" alt=\"Nacieranie borowin\u0105 w strefie SPA\" srcset=\"https:\/\/goracypotok.pl\/wp-content\/uploads\/2025\/06\/kapiele-borowinowe-termy-goracy-potok.webp 600w, https:\/\/goracypotok.pl\/wp-content\/uploads\/2025\/06\/kapiele-borowinowe-termy-goracy-potok-200x300.webp 200w\" sizes=\"(max-width: 600px) 100vw, 600px\" \/>\t\t\t\t\t\t\t\t\t\t\t\t\t\t\t<\/div>\n\t\t\t\t<\/div>\n\t\t\t\t<div class=\"elementor-element elementor-element-5fca498 elementor-widget elementor-widget-image\" data-id=\"5fca498\" data-element_type=\"widget\" data-e-type=\"widget\" data-widget_type=\"image.default\">\n\t\t\t\t<div class=\"elementor-widget-container\">\n\t\t\t\t\t\t\t\t\t\t\t\t\t\t\t<img loading=\"lazy\" decoding=\"async\" width=\"1200\" height=\"800\" src=\"https:\/\/goracypotok.pl\/wp-content\/uploads\/2025\/07\/strefa-borowin.webp\" class=\"attachment-full size-full wp-image-8061\" alt=\"Strefa borowin\" srcset=\"https:\/\/goracypotok.pl\/wp-content\/uploads\/2025\/07\/strefa-borowin.webp 1200w, https:\/\/goracypotok.pl\/wp-content\/uploads\/2025\/07\/strefa-borowin-300x200.webp 300w, https:\/\/goracypotok.pl\/wp-content\/uploads\/2025\/07\/strefa-borowin-1024x683.webp 1024w, https:\/\/goracypotok.pl\/wp-content\/uploads\/2025\/07\/strefa-borowin-768x512.webp 768w, https:\/\/goracypotok.pl\/wp-content\/uploads\/2025\/07\/strefa-borowin-391x260.webp 391w\" sizes=\"(max-width: 1200px) 100vw, 1200px\" \/>\t\t\t\t\t\t\t\t\t\t\t\t\t\t\t<\/div>\n\t\t\t\t<\/div>\n\t\t\t\t\t<\/div>\n\t\t\t\t<\/div>\n\t\t<div class=\"elementor-element elementor-element-9ad868d e-flex e-con-boxed elementor-invisible e-con e-parent\" data-id=\"9ad868d\" data-element_type=\"container\" data-e-type=\"container\" data-settings=\"{&quot;animation&quot;:&quot;fadeInUp&quot;}\">\n\t\t\t\t\t<div class=\"e-con-inner\">\n\t\t<div class=\"elementor-element elementor-element-08cecc4 e-con-full e-flex e-con e-child\" data-id=\"08cecc4\" data-element_type=\"container\" data-e-type=\"container\">\n\t\t\t\t<div class=\"elementor-element elementor-element-c36196f elementor-widget elementor-widget-text-editor\" data-id=\"c36196f\" data-element_type=\"widget\" data-e-type=\"widget\" data-widget_type=\"text-editor.default\">\n\t\t\t\t<div class=\"elementor-widget-container\">\n\t\t\t\t\t\t\t\t\t<h3><strong><b>Borovina &#8211; kontraindikace ra\u0161elinov\u00fdch koupel\u00ed<\/b><\/strong><\/h3><ul><li>Menstruace a jin\u00e9 krv\u00e1cen\u00ed z reproduk\u010dn\u00edho traktu, t\u011bhotenstv\u00ed,<\/li><li>Slabost, vyhublost t\u011bla, mdloby,<\/li><li>Onkologick\u00e1 onemocn\u011bn\u00ed,<\/li><li>Poran\u011bn\u00ed kost\u00ed a kloub\u016f,<\/li><li>V\u0159edy a k\u0159e\u010dov\u00e9 \u017e\u00edly,<\/li><li>Kardiovaskul\u00e1rn\u00ed onemocn\u011bn\u00ed: ateroskler\u00f3za c\u00e9v, k\u0159ehkost c\u00e9v, srde\u010dn\u00ed selh\u00e1n\u00ed, srde\u010dn\u00ed vady, stav po infarktu, probl\u00e9my s tlakem,<\/li><li>Akutn\u00ed z\u00e1n\u011btliv\u00e9 stavy,<\/li><li>Respira\u010dn\u00ed selh\u00e1n\u00ed,<\/li><li>Hypertyre\u00f3za,<\/li><li>Nav\u00edc! Bahenn\u00ed koupele se nedoporu\u010duj\u00ed mal\u00fdm d\u011btem. <\/li><\/ul>\t\t\t\t\t\t\t\t<\/div>\n\t\t\t\t<\/div>\n\t\t\t\t<\/div>\n\t\t\t\t\t<\/div>\n\t\t\t\t<\/div>\n\t\t<div class=\"elementor-element elementor-element-d02a144 e-flex e-con-boxed elementor-invisible e-con e-parent\" data-id=\"d02a144\" data-element_type=\"container\" data-e-type=\"container\" data-settings=\"{&quot;animation&quot;:&quot;fadeInUp&quot;}\">\n\t\t\t\t\t<div class=\"e-con-inner\">\n\t\t\t\t<div class=\"elementor-element elementor-element-5de2699 elementor-widget elementor-widget-heading\" data-id=\"5de2699\" data-element_type=\"widget\" data-e-type=\"widget\" data-widget_type=\"heading.default\">\n\t\t\t\t<div class=\"elementor-widget-container\">\n\t\t\t\t\t<h3 class=\"elementor-heading-title elementor-size-default\">Pod\u00edvejte se, co dal\u0161\u00edho nab\u00edz\u00ed oblast SPA &amp; Wellness<\/h3>\t\t\t\t<\/div>\n\t\t\t\t<\/div>\n\t\t\t\t<div class=\"elementor-element elementor-element-da384f4 elementor-widget elementor-widget-text-editor\" data-id=\"da384f4\" data-element_type=\"widget\" data-e-type=\"widget\" data-widget_type=\"text-editor.default\">\n\t\t\t\t<div class=\"elementor-widget-container\">\n\t\t\t\t\t\t\t\t\t<p>v <strong>term\u00e1ln\u00edch l\u00e1zn\u00edch Gorny Potok<\/strong><\/p>\t\t\t\t\t\t\t\t<\/div>\n\t\t\t\t<\/div>\n\t\t\t\t\t<\/div>\n\t\t\t\t<\/div>\n\t\t<div class=\"elementor-element elementor-element-87e767e e-flex e-con-boxed elementor-invisible e-con e-parent\" data-id=\"87e767e\" data-element_type=\"container\" data-e-type=\"container\" data-settings=\"{&quot;animation&quot;:&quot;fadeInUp&quot;}\">\n\t\t\t\t\t<div class=\"e-con-inner\">\n\t\t<a class=\"elementor-element elementor-element-e0fec0a e-con-full e-flex e-con e-child\" data-id=\"e0fec0a\" data-element_type=\"container\" data-e-type=\"container\" data-settings=\"{&quot;background_background&quot;:&quot;classic&quot;}\" href=\"https:\/\/goracypotok.pl\/cs\/lazenske-procedury\/\">\n\t\t\t\t<div class=\"elementor-element elementor-element-242204a elementor-widget elementor-widget-heading\" data-id=\"242204a\" data-element_type=\"widget\" data-e-type=\"widget\" data-widget_type=\"heading.default\">\n\t\t\t\t<div class=\"elementor-widget-container\">\n\t\t\t\t\t<h2 class=\"elementor-heading-title elementor-size-default\">L\u00e1ze\u0148sk\u00e9 procedury a mas\u00e1\u017ee<\/h2>\t\t\t\t<\/div>\n\t\t\t\t<\/div>\n\t\t\t\t<\/a>\n\t\t<a class=\"elementor-element elementor-element-609f2a0 e-con-full e-flex e-con e-child\" data-id=\"609f2a0\" data-element_type=\"container\" data-e-type=\"container\" data-settings=\"{&quot;background_background&quot;:&quot;classic&quot;}\" href=\"https:\/\/goracypotok.pl\/cs\/saunarium\/\">\n\t\t\t\t<div class=\"elementor-element elementor-element-ba93852 elementor-widget elementor-widget-heading\" data-id=\"ba93852\" data-element_type=\"widget\" data-e-type=\"widget\" data-widget_type=\"heading.default\">\n\t\t\t\t<div class=\"elementor-widget-container\">\n\t\t\t\t\t<h2 class=\"elementor-heading-title elementor-size-default\">Saunarium<\/h2>\t\t\t\t<\/div>\n\t\t\t\t<\/div>\n\t\t\t\t<\/a>\n\t\t<a class=\"elementor-element elementor-element-3aee2ed e-con-full e-flex e-con e-child\" data-id=\"3aee2ed\" data-element_type=\"container\" data-e-type=\"container\" data-settings=\"{&quot;background_background&quot;:&quot;classic&quot;}\" href=\"https:\/\/goracypotok.pl\/cs\/granitove-vanicky\/\">\n\t\t\t\t<div class=\"elementor-element elementor-element-86ec2c5 elementor-widget elementor-widget-heading\" data-id=\"86ec2c5\" data-element_type=\"widget\" data-e-type=\"widget\" data-widget_type=\"heading.default\">\n\t\t\t\t<div class=\"elementor-widget-container\">\n\t\t\t\t\t<h2 class=\"elementor-heading-title elementor-size-default\">Granitov\u00e9 vani\u010dky<\/h2>\t\t\t\t<\/div>\n\t\t\t\t<\/div>\n\t\t\t\t<\/a>\n\t\t\t\t\t<\/div>\n\t\t\t\t<\/div>\n\t\t\t\t<\/div>\n\t\t","protected":false},"excerpt":{"rendered":"<p>Bahenn\u00ed koupele v are\u00e1lu SPA&amp;Wellness &#8222;Grzysno Przyjemno\u015b\u0107&#8220; Bahenn\u00ed koupele v term\u00e1ln\u00edch l\u00e1zn\u00edch Gorny Potok Sou\u010d\u00e1st\u00ed SPA &amp; Wellness z\u00f3ny je i podz\u00f3na s bahenn\u00edmi koupelemi ve speci\u00e1ln\u011b p\u0159ipraven\u00fdch k\u00e1d\u00edch. Bahno se dod\u00e1v\u00e1 z \u010cern\u00e9ho Dunajce. Bahenn\u00ed koupele pat\u0159\u00ed k nejobl\u00edben\u011bj\u0161\u00edm terapeutick\u00fdm koupel\u00edm na sv\u011bt\u011b. Maj\u00ed zdravotn\u00ed a kosmetick\u00e9 \u00fa\u010dinky: zpev\u0148uj\u00ed, omlazuj\u00ed a vy\u017eivuj\u00ed poko\u017eku obli\u010deje [&hellip;]<\/p>\n","protected":false},"author":1,"featured_media":0,"parent":0,"menu_order":0,"comment_status":"closed","ping_status":"closed","template":"","meta":{"footnotes":""},"class_list":["post-8058","page","type-page","status-publish","hentry"],"blocksy_meta":[],"_links":{"self":[{"href":"https:\/\/goracypotok.pl\/cs\/wp-json\/wp\/v2\/pages\/8058","targetHints":{"allow":["GET"]}}],"collection":[{"href":"https:\/\/goracypotok.pl\/cs\/wp-json\/wp\/v2\/pages"}],"about":[{"href":"https:\/\/goracypotok.pl\/cs\/wp-json\/wp\/v2\/types\/page"}],"author":[{"embeddable":true,"href":"https:\/\/goracypotok.pl\/cs\/wp-json\/wp\/v2\/users\/1"}],"replies":[{"embeddable":true,"href":"https:\/\/goracypotok.pl\/cs\/wp-json\/wp\/v2\/comments?post=8058"}],"version-history":[{"count":11,"href":"https:\/\/goracypotok.pl\/cs\/wp-json\/wp\/v2\/pages\/8058\/revisions"}],"predecessor-version":[{"id":11745,"href":"https:\/\/goracypotok.pl\/cs\/wp-json\/wp\/v2\/pages\/8058\/revisions\/11745"}],"wp:attachment":[{"href":"https:\/\/goracypotok.pl\/cs\/wp-json\/wp\/v2\/media?parent=8058"}],"curies":[{"name":"wp","href":"https:\/\/api.w.org\/{rel}","templated":true}]}}