{"id":5414,"date":"2025-02-25T17:55:50","date_gmt":"2025-02-25T16:55:50","guid":{"rendered":"https:\/\/newsite.goracypotok.pl\/shop\/"},"modified":"2026-03-13T11:57:00","modified_gmt":"2026-03-13T10:57:00","slug":"shop","status":"publish","type":"page","link":"https:\/\/goracypotok.pl\/en\/shop\/","title":{"rendered":"Shop"},"content":{"rendered":"\t\t<div data-elementor-type=\"wp-page\" data-elementor-id=\"5414\" class=\"elementor elementor-5414 elementor-1012\">\n\t\t\t\t<div class=\"elementor-element elementor-element-0d71ea1 e-flex e-con-boxed e-con e-parent\" data-id=\"0d71ea1\" data-element_type=\"container\" data-e-type=\"container\" data-settings=\"{&quot;background_background&quot;:&quot;classic&quot;}\">\n\t\t\t\t\t<div class=\"e-con-inner\">\n\t\t\t\t<div class=\"elementor-element elementor-element-f6747d3 elementor-widget elementor-widget-heading\" data-id=\"f6747d3\" data-element_type=\"widget\" data-e-type=\"widget\" data-widget_type=\"heading.default\">\n\t\t\t\t<div class=\"elementor-widget-container\">\n\t\t\t\t\t<h1 class=\"elementor-heading-title elementor-size-default\">Shop<\/h1>\t\t\t\t<\/div>\n\t\t\t\t<\/div>\n\t\t\t\t\t<\/div>\n\t\t\t\t<\/div>\n\t\t<div class=\"elementor-element elementor-element-51e000a e-flex e-con-boxed elementor-invisible e-con e-parent\" data-id=\"51e000a\" data-element_type=\"container\" data-e-type=\"container\" data-settings=\"{&quot;animation&quot;:&quot;zoomIn&quot;}\">\n\t\t\t\t\t<div class=\"e-con-inner\">\n\t\t\t\t<div class=\"elementor-element elementor-element-420e888 elementor-widget__width-initial elementor-widget elementor-widget-heading\" data-id=\"420e888\" data-element_type=\"widget\" data-e-type=\"widget\" data-widget_type=\"heading.default\">\n\t\t\t\t<div class=\"elementor-widget-container\">\n\t\t\t\t\t<h2 class=\"elementor-heading-title elementor-size-default\">Buy a ticket<\/h2>\t\t\t\t<\/div>\n\t\t\t\t<\/div>\n\t\t\t\t<div class=\"elementor-element elementor-element-472336a elementor-widget elementor-widget-text-editor\" data-id=\"472336a\" data-element_type=\"widget\" data-e-type=\"widget\" data-widget_type=\"text-editor.default\">\n\t\t\t\t<div class=\"elementor-widget-container\">\n\t\t\t\t\t\t\t\t\t<p>to the <strong>Gor\u0105cy Potok thermal baths<\/strong><\/p>\t\t\t\t\t\t\t\t<\/div>\n\t\t\t\t<\/div>\n\t\t\t\t<div class=\"elementor-element elementor-element-5a4b81f elementor-widget elementor-widget-text-editor\" data-id=\"5a4b81f\" data-element_type=\"widget\" data-e-type=\"widget\" data-widget_type=\"text-editor.default\">\n\t\t\t\t<div class=\"elementor-widget-container\">\n\t\t\t\t\t\t\t\t\t<p>The number of tickets in the online store is limited. If there are no tickets available for a given day, you can buy them at the ticket offices <\/p>\t\t\t\t\t\t\t\t<\/div>\n\t\t\t\t<\/div>\n\t\t\t\t\t<\/div>\n\t\t\t\t<\/div>\n\t\t<div class=\"elementor-element elementor-element-a94fba8 e-flex e-con-boxed e-con e-parent\" data-id=\"a94fba8\" data-element_type=\"container\" data-e-type=\"container\">\n\t\t\t\t\t<div class=\"e-con-inner\">\n\t\t\t\t<div class=\"elementor-element elementor-element-b19dcb3 elementor-widget elementor-widget-html\" data-id=\"b19dcb3\" data-element_type=\"widget\" data-e-type=\"widget\" data-widget_type=\"html.default\">\n\t\t\t\t<div class=\"elementor-widget-container\">\n\t\t\t\t\t<!-- Pocz\u0105tek elementu sprzeda\u017cowego droplabs.pl. Prosz\u0119 nie modyfikowa\u0107 parametr\u00f3w, mo\u017ce to wp\u0142yn\u0105\u0107 na poprawno\u015b\u0107 dzia\u0142ania sprzeda\u017cy -->\r\n<iframe id=\"dl-widget\" style=\"border: 0;width: 100%!important;padding: 0;margin: 0 auto;min-height: 200px;max-width: 1000px;display:block;\" src=\"https:\/\/widget.droplabs.pl\/index.html?facilityId=1968&amp;onlineGroupId=14406\"><\/iframe>\r\n<script type=\"text\/javascript\" src=\"https:\/\/widget.droplabs.pl\/widget.js\"><\/script>\r\n<!-- Koniec elementu sprzeda\u017cowego droplabs.pl -->\t\t\t\t<\/div>\n\t\t\t\t<\/div>\n\t\t\t\t\t<\/div>\n\t\t\t\t<\/div>\n\t\t\t\t<\/div>\n\t\t","protected":false},"excerpt":{"rendered":"<p>Shop Buy a ticket to the Gor\u0105cy Potok thermal baths The number of tickets in the online store is limited. If there are no tickets available for a given day, you can buy them at the ticket offices On March 7, 2026 (Saturday), the evening ticket is valid exceptionally from 5:00 p.m. to 10:00 p.m.<\/p>\n","protected":false},"author":1,"featured_media":0,"parent":0,"menu_order":0,"comment_status":"closed","ping_status":"closed","template":"","meta":{"footnotes":""},"class_list":["post-5414","page","type-page","status-publish","hentry"],"blocksy_meta":[],"_links":{"self":[{"href":"https:\/\/goracypotok.pl\/en\/wp-json\/wp\/v2\/pages\/5414","targetHints":{"allow":["GET"]}}],"collection":[{"href":"https:\/\/goracypotok.pl\/en\/wp-json\/wp\/v2\/pages"}],"about":[{"href":"https:\/\/goracypotok.pl\/en\/wp-json\/wp\/v2\/types\/page"}],"author":[{"embeddable":true,"href":"https:\/\/goracypotok.pl\/en\/wp-json\/wp\/v2\/users\/1"}],"replies":[{"embeddable":true,"href":"https:\/\/goracypotok.pl\/en\/wp-json\/wp\/v2\/comments?post=5414"}],"version-history":[{"count":12,"href":"https:\/\/goracypotok.pl\/en\/wp-json\/wp\/v2\/pages\/5414\/revisions"}],"predecessor-version":[{"id":11529,"href":"https:\/\/goracypotok.pl\/en\/wp-json\/wp\/v2\/pages\/5414\/revisions\/11529"}],"wp:attachment":[{"href":"https:\/\/goracypotok.pl\/en\/wp-json\/wp\/v2\/media?parent=5414"}],"curies":[{"name":"wp","href":"https:\/\/api.w.org\/{rel}","templated":true}]}}