{"id":6290,"date":"2025-02-25T17:39:58","date_gmt":"2025-02-25T16:39:58","guid":{"rendered":"https:\/\/goracypotok.pl\/praca\/"},"modified":"2025-06-14T13:46:11","modified_gmt":"2025-06-14T11:46:11","slug":"praca","status":"publish","type":"page","link":"https:\/\/goracypotok.pl\/sk\/praca\/","title":{"rendered":"Pr\u00e1ca"},"content":{"rendered":"\t\t<div data-elementor-type=\"wp-page\" data-elementor-id=\"6290\" class=\"elementor elementor-6290 elementor-1007\">\n\t\t\t\t<div class=\"elementor-element elementor-element-c73ac9b e-flex e-con-boxed e-con e-parent\" data-id=\"c73ac9b\" data-element_type=\"container\" data-e-type=\"container\" data-settings=\"{&quot;background_background&quot;:&quot;classic&quot;}\">\n\t\t\t\t\t<div class=\"e-con-inner\">\n\t\t<div class=\"elementor-element elementor-element-8b0cc9c e-con-full e-flex e-con e-child\" data-id=\"8b0cc9c\" data-element_type=\"container\" data-e-type=\"container\">\n\t\t\t\t<div class=\"elementor-element elementor-element-8499559 elementor-widget elementor-widget-heading\" data-id=\"8499559\" data-element_type=\"widget\" data-e-type=\"widget\" data-widget_type=\"heading.default\">\n\t\t\t\t<div class=\"elementor-widget-container\">\n\t\t\t\t\t<h1 class=\"elementor-heading-title elementor-size-default\">Pr\u00e1ca<\/h1>\t\t\t\t<\/div>\n\t\t\t\t<\/div>\n\t\t\t\t<div class=\"elementor-element elementor-element-6b3bf0c elementor-widget elementor-widget-text-editor\" data-id=\"6b3bf0c\" data-element_type=\"widget\" data-e-type=\"widget\" data-widget_type=\"text-editor.default\">\n\t\t\t\t<div class=\"elementor-widget-container\">\n\t\t\t\t\t\t\t\t\t<p>inzer\u00e1ty pr\u00e1ce v term\u00e1lnych k\u00fape\u013eoch Gorny Potok<\/p>\t\t\t\t\t\t\t\t<\/div>\n\t\t\t\t<\/div>\n\t\t\t\t<\/div>\n\t\t\t\t\t<\/div>\n\t\t\t\t<\/div>\n\t\t<div class=\"elementor-element elementor-element-b742448 e-flex e-con-boxed elementor-invisible e-con e-parent\" data-id=\"b742448\" data-element_type=\"container\" data-e-type=\"container\" data-settings=\"{&quot;animation&quot;:&quot;zoomIn&quot;}\">\n\t\t\t\t\t<div class=\"e-con-inner\">\n\t\t\t\t<div class=\"elementor-element elementor-element-2ade67d elementor-widget elementor-widget-heading\" data-id=\"2ade67d\" data-element_type=\"widget\" data-e-type=\"widget\" data-widget_type=\"heading.default\">\n\t\t\t\t<div class=\"elementor-widget-container\">\n\t\t\t\t\t<h2 class=\"elementor-heading-title elementor-size-default\">Pridajte sa k n\u00e1\u0161mu t\u00edmu<\/h2>\t\t\t\t<\/div>\n\t\t\t\t<\/div>\n\t\t\t\t<div class=\"elementor-element elementor-element-424fb3b elementor-widget elementor-widget-text-editor\" data-id=\"424fb3b\" data-element_type=\"widget\" data-e-type=\"widget\" data-widget_type=\"text-editor.default\">\n\t\t\t\t<div class=\"elementor-widget-container\">\n\t\t\t\t\t\t\t\t\t<p>pr\u00e1ca v <strong>term\u00e1lnych k\u00fape\u013eoch Gorny Potok<\/strong><\/p>\t\t\t\t\t\t\t\t<\/div>\n\t\t\t\t<\/div>\n\t\t\t\t<div class=\"elementor-element elementor-element-f322493 elementor-widget elementor-widget-text-editor\" data-id=\"f322493\" data-element_type=\"widget\" data-e-type=\"widget\" data-widget_type=\"text-editor.default\">\n\t\t\t\t<div class=\"elementor-widget-container\">\n\t\t\t\t\t\t\t\t\t<p>Pridajte sa k t\u00edmu Terma Gor\u0105cy Potok a vytvorte s nami jedine\u010dn\u00e9 miesto oddychu a relaxu v srdci Podhalia! H\u013ead\u00e1te pr\u00e1cu v dynamickom a priate\u013eskom prostred\u00ed? Chcete z\u00edska\u0165 sk\u00fasenosti v oblasti cestovn\u00e9ho ruchu a vo\u013en\u00e9ho \u010dasu alebo rozv\u00edja\u0165 svoje zru\u010dnosti v pr\u00e1ci s \u013eu\u010fmi? U n\u00e1s si ur\u010dite n\u00e1jdete nie\u010do pre seba!   <\/p>\t\t\t\t\t\t\t\t<\/div>\n\t\t\t\t<\/div>\n\t\t\t\t\t<\/div>\n\t\t\t\t<\/div>\n\t\t<div class=\"elementor-element elementor-element-b380891 e-flex e-con-boxed e-con e-parent\" data-id=\"b380891\" data-element_type=\"container\" data-e-type=\"container\">\n\t\t\t\t\t<div class=\"e-con-inner\">\n\t\t\t\t<div class=\"elementor-element elementor-element-a08958a elementor-widget elementor-widget-shortcode\" data-id=\"a08958a\" data-element_type=\"widget\" data-e-type=\"widget\" data-widget_type=\"shortcode.default\">\n\t\t\t\t<div class=\"elementor-widget-container\">\n\t\t\t\t\t\t\t<div class=\"elementor-shortcode\"><div class=\"ct-posts-shortcode\" data-prefix=\"blog\"><div class=\"entry-content is-layout-flow\">\n\n<form role=\"search\" method=\"get\" class=\"ct-search-form\" data-form-controls=\"inside\" data-taxonomy-filter=\"false\" data-submit-button=\"icon\" action=\"https:\/\/goracypotok.pl\/sk\/\" aria-haspopup=\"listbox\" data-live-results=\"thumbs\">\n\n\t<input\n\t\ttype=\"search\" \t\tplaceholder=\"Search\"\n\t\tvalue=\"\"\n\t\tname=\"s\"\n\t\tautocomplete=\"off\"\n\t\ttitle=\"Search for...\"\n\t\taria-label=\"Search for...\"\n\t\t\t>\n\n\t<div class=\"ct-search-form-controls\">\n\t\t\n\t\t<button type=\"submit\" class=\"wp-element-button\" data-button=\"inside:icon\" aria-label=\"Search button\">\n\t\t\t<svg class=\"ct-icon ct-search-button-content\" aria-hidden=\"true\" width=\"15\" height=\"15\" viewBox=\"0 0 15 15\"><path d=\"M14.8,13.7L12,11c0.9-1.2,1.5-2.6,1.5-4.2c0-3.7-3-6.8-6.8-6.8S0,3,0,6.8s3,6.8,6.8,6.8c1.6,0,3.1-0.6,4.2-1.5l2.8,2.8c0.1,0.1,0.3,0.2,0.5,0.2s0.4-0.1,0.5-0.2C15.1,14.5,15.1,14,14.8,13.7z M1.5,6.8c0-2.9,2.4-5.2,5.2-5.2S12,3.9,12,6.8S9.6,12,6.8,12S1.5,9.6,1.5,6.8z\"\/><\/svg>\n\t\t\t<span class=\"ct-ajax-loader\">\n\t\t\t\t<svg viewBox=\"0 0 24 24\">\n\t\t\t\t\t<circle cx=\"12\" cy=\"12\" r=\"10\" opacity=\"0.2\" fill=\"none\" stroke=\"currentColor\" stroke-miterlimit=\"10\" stroke-width=\"2\"\/>\n\n\t\t\t\t\t<path d=\"m12,2c5.52,0,10,4.48,10,10\" fill=\"none\" stroke=\"currentColor\" stroke-linecap=\"round\" stroke-miterlimit=\"10\" stroke-width=\"2\">\n\t\t\t\t\t\t<animateTransform\n\t\t\t\t\t\t\tattributeName=\"transform\"\n\t\t\t\t\t\t\tattributeType=\"XML\"\n\t\t\t\t\t\t\ttype=\"rotate\"\n\t\t\t\t\t\t\tdur=\"0.6s\"\n\t\t\t\t\t\t\tfrom=\"0 12 12\"\n\t\t\t\t\t\t\tto=\"360 12 12\"\n\t\t\t\t\t\t\trepeatCount=\"indefinite\"\n\t\t\t\t\t\t\/>\n\t\t\t\t\t<\/path>\n\t\t\t\t<\/svg>\n\t\t\t<\/span>\n\t\t<\/button>\n\n\t\t\n\t\t\n\t\t\n\n\t\t\t<\/div>\n\n\t\t\t<div class=\"screen-reader-text\" aria-live=\"polite\" role=\"status\">\n\t\t\tNo results\t\t<\/div>\n\t\n<\/form>\n\n\n<\/div><\/div><\/div>\n\t\t\t\t\t\t<\/div>\n\t\t\t\t<\/div>\n\t\t\t\t\t<\/div>\n\t\t\t\t<\/div>\n\t\t\t\t<\/div>\n\t\t","protected":false},"excerpt":{"rendered":"<p>Pr\u00e1ca inzer\u00e1ty pr\u00e1ce v term\u00e1lnych k\u00fape\u013eoch Gorny Potok Pridajte sa k n\u00e1\u0161mu t\u00edmu pr\u00e1ca v term\u00e1lnych k\u00fape\u013eoch Gorny Potok Pridajte sa k t\u00edmu Terma Gor\u0105cy Potok a vytvorte s nami jedine\u010dn\u00e9 miesto oddychu a relaxu v srdci Podhalia! H\u013ead\u00e1te pr\u00e1cu v dynamickom a priate\u013eskom prostred\u00ed? Chcete z\u00edska\u0165 sk\u00fasenosti v oblasti cestovn\u00e9ho ruchu a vo\u013en\u00e9ho \u010dasu [&hellip;]<\/p>\n","protected":false},"author":1,"featured_media":0,"parent":0,"menu_order":0,"comment_status":"closed","ping_status":"closed","template":"","meta":{"footnotes":""},"class_list":["post-6290","page","type-page","status-publish","hentry"],"blocksy_meta":[],"_links":{"self":[{"href":"https:\/\/goracypotok.pl\/sk\/wp-json\/wp\/v2\/pages\/6290","targetHints":{"allow":["GET"]}}],"collection":[{"href":"https:\/\/goracypotok.pl\/sk\/wp-json\/wp\/v2\/pages"}],"about":[{"href":"https:\/\/goracypotok.pl\/sk\/wp-json\/wp\/v2\/types\/page"}],"author":[{"embeddable":true,"href":"https:\/\/goracypotok.pl\/sk\/wp-json\/wp\/v2\/users\/1"}],"replies":[{"embeddable":true,"href":"https:\/\/goracypotok.pl\/sk\/wp-json\/wp\/v2\/comments?post=6290"}],"version-history":[{"count":1,"href":"https:\/\/goracypotok.pl\/sk\/wp-json\/wp\/v2\/pages\/6290\/revisions"}],"predecessor-version":[{"id":6296,"href":"https:\/\/goracypotok.pl\/sk\/wp-json\/wp\/v2\/pages\/6290\/revisions\/6296"}],"wp:attachment":[{"href":"https:\/\/goracypotok.pl\/sk\/wp-json\/wp\/v2\/media?parent=6290"}],"curies":[{"name":"wp","href":"https:\/\/api.w.org\/{rel}","templated":true}]}}