{"id":6292,"date":"2025-02-25T17:55:50","date_gmt":"2025-02-25T16:55:50","guid":{"rendered":"https:\/\/goracypotok.pl\/obchod\/"},"modified":"2026-03-13T11:57:07","modified_gmt":"2026-03-13T10:57:07","slug":"obchod","status":"publish","type":"page","link":"https:\/\/goracypotok.pl\/sk\/obchod\/","title":{"rendered":"Obchod"},"content":{"rendered":"\t\t<div data-elementor-type=\"wp-page\" data-elementor-id=\"6292\" class=\"elementor elementor-6292 elementor-1012\">\n\t\t\t\t<div class=\"elementor-element elementor-element-0d71ea1 e-flex e-con-boxed e-con e-parent\" data-id=\"0d71ea1\" data-element_type=\"container\" data-e-type=\"container\" data-settings=\"{&quot;background_background&quot;:&quot;classic&quot;}\">\n\t\t\t\t\t<div class=\"e-con-inner\">\n\t\t\t\t<div class=\"elementor-element elementor-element-f6747d3 elementor-widget elementor-widget-heading\" data-id=\"f6747d3\" data-element_type=\"widget\" data-e-type=\"widget\" data-widget_type=\"heading.default\">\n\t\t\t\t<div class=\"elementor-widget-container\">\n\t\t\t\t\t<h1 class=\"elementor-heading-title elementor-size-default\">Obchod<\/h1>\t\t\t\t<\/div>\n\t\t\t\t<\/div>\n\t\t\t\t\t<\/div>\n\t\t\t\t<\/div>\n\t\t<div class=\"elementor-element elementor-element-51e000a e-flex e-con-boxed elementor-invisible e-con e-parent\" data-id=\"51e000a\" data-element_type=\"container\" data-e-type=\"container\" data-settings=\"{&quot;animation&quot;:&quot;zoomIn&quot;}\">\n\t\t\t\t\t<div class=\"e-con-inner\">\n\t\t\t\t<div class=\"elementor-element elementor-element-420e888 elementor-widget__width-initial elementor-widget elementor-widget-heading\" data-id=\"420e888\" data-element_type=\"widget\" data-e-type=\"widget\" data-widget_type=\"heading.default\">\n\t\t\t\t<div class=\"elementor-widget-container\">\n\t\t\t\t\t<h2 class=\"elementor-heading-title elementor-size-default\">K\u00fapte si l\u00edstok online<\/h2>\t\t\t\t<\/div>\n\t\t\t\t<\/div>\n\t\t\t\t<div class=\"elementor-element elementor-element-472336a elementor-widget elementor-widget-text-editor\" data-id=\"472336a\" data-element_type=\"widget\" data-e-type=\"widget\" data-widget_type=\"text-editor.default\">\n\t\t\t\t<div class=\"elementor-widget-container\">\n\t\t\t\t\t\t\t\t\t<p>do <strong>term\u00e1lnych k\u00fape\u013eov Gorny Potok<\/strong><\/p>\t\t\t\t\t\t\t\t<\/div>\n\t\t\t\t<\/div>\n\t\t\t\t<div class=\"elementor-element elementor-element-5a4b81f elementor-widget elementor-widget-text-editor\" data-id=\"5a4b81f\" data-element_type=\"widget\" data-e-type=\"widget\" data-widget_type=\"text-editor.default\">\n\t\t\t\t<div class=\"elementor-widget-container\">\n\t\t\t\t\t\t\t\t\t<p>Po\u010det vstupeniek v internetovom obchode je obmedzen\u00fd. Ak na dan\u00fd de\u0148 nie s\u00fa k dispoz\u00edcii \u017eiadne vstupenky, je mo\u017en\u00e9 si ich zak\u00fapi\u0165 v pokladniciach. <\/p>\t\t\t\t\t\t\t\t<\/div>\n\t\t\t\t<\/div>\n\t\t\t\t\t<\/div>\n\t\t\t\t<\/div>\n\t\t<div class=\"elementor-element elementor-element-a94fba8 e-flex e-con-boxed e-con e-parent\" data-id=\"a94fba8\" data-element_type=\"container\" data-e-type=\"container\">\n\t\t\t\t\t<div class=\"e-con-inner\">\n\t\t\t\t<div class=\"elementor-element elementor-element-b19dcb3 elementor-widget elementor-widget-html\" data-id=\"b19dcb3\" data-element_type=\"widget\" data-e-type=\"widget\" data-widget_type=\"html.default\">\n\t\t\t\t<div class=\"elementor-widget-container\">\n\t\t\t\t\t<!-- Pocz\u0105tek elementu sprzeda\u017cowego droplabs.pl. Prosz\u0119 nie modyfikowa\u0107 parametr\u00f3w, mo\u017ce to wp\u0142yn\u0105\u0107 na poprawno\u015b\u0107 dzia\u0142ania sprzeda\u017cy -->\r\n<iframe id=\"dl-widget\" style=\"border: 0;width: 100%!important;padding: 0;margin: 0 auto;min-height: 200px;max-width: 1000px;display:block;\" src=\"https:\/\/widget.droplabs.pl\/index.html?facilityId=1968&amp;onlineGroupId=14406\"><\/iframe>\r\n<script type=\"text\/javascript\" src=\"https:\/\/widget.droplabs.pl\/widget.js\"><\/script>\r\n<!-- Koniec elementu sprzeda\u017cowego droplabs.pl -->\t\t\t\t<\/div>\n\t\t\t\t<\/div>\n\t\t\t\t\t<\/div>\n\t\t\t\t<\/div>\n\t\t\t\t<\/div>\n\t\t","protected":false},"excerpt":{"rendered":"<p>Obchod K\u00fapte si l\u00edstok online do term\u00e1lnych k\u00fape\u013eov Gorny Potok Po\u010det vstupeniek v internetovom obchode je obmedzen\u00fd. Ak na dan\u00fd de\u0148 nie s\u00fa k dispoz\u00edcii \u017eiadne vstupenky, je mo\u017en\u00e9 si ich zak\u00fapi\u0165 v pokladniciach.<\/p>\n","protected":false},"author":1,"featured_media":0,"parent":0,"menu_order":0,"comment_status":"closed","ping_status":"closed","template":"","meta":{"footnotes":""},"class_list":["post-6292","page","type-page","status-publish","hentry"],"blocksy_meta":[],"_links":{"self":[{"href":"https:\/\/goracypotok.pl\/sk\/wp-json\/wp\/v2\/pages\/6292","targetHints":{"allow":["GET"]}}],"collection":[{"href":"https:\/\/goracypotok.pl\/sk\/wp-json\/wp\/v2\/pages"}],"about":[{"href":"https:\/\/goracypotok.pl\/sk\/wp-json\/wp\/v2\/types\/page"}],"author":[{"embeddable":true,"href":"https:\/\/goracypotok.pl\/sk\/wp-json\/wp\/v2\/users\/1"}],"replies":[{"embeddable":true,"href":"https:\/\/goracypotok.pl\/sk\/wp-json\/wp\/v2\/comments?post=6292"}],"version-history":[{"count":7,"href":"https:\/\/goracypotok.pl\/sk\/wp-json\/wp\/v2\/pages\/6292\/revisions"}],"predecessor-version":[{"id":11530,"href":"https:\/\/goracypotok.pl\/sk\/wp-json\/wp\/v2\/pages\/6292\/revisions\/11530"}],"wp:attachment":[{"href":"https:\/\/goracypotok.pl\/sk\/wp-json\/wp\/v2\/media?parent=6292"}],"curies":[{"name":"wp","href":"https:\/\/api.w.org\/{rel}","templated":true}]}}