{"id":6302,"date":"2025-02-25T17:26:37","date_gmt":"2025-02-25T16:26:37","guid":{"rendered":"https:\/\/goracypotok.pl\/bahenne-kupele\/"},"modified":"2026-03-31T15:31:14","modified_gmt":"2026-03-31T13:31:14","slug":"borovinowe-kupele","status":"publish","type":"page","link":"https:\/\/goracypotok.pl\/sk\/borovinowe-kupele\/","title":{"rendered":"Borovinov\u00e9 k\u00fapel\u00e9"},"content":{"rendered":"\t\t<div data-elementor-type=\"wp-page\" data-elementor-id=\"6302\" class=\"elementor elementor-6302 elementor-989\">\n\t\t\t\t<div class=\"elementor-element elementor-element-44ecba0 e-flex e-con-boxed e-con e-parent\" data-id=\"44ecba0\" data-element_type=\"container\" data-e-type=\"container\" data-settings=\"{&quot;background_background&quot;:&quot;classic&quot;}\">\n\t\t\t\t\t<div class=\"e-con-inner\">\n\t\t<div class=\"elementor-element elementor-element-6ba3b06 e-con-full e-flex elementor-invisible e-con e-child\" data-id=\"6ba3b06\" data-element_type=\"container\" data-e-type=\"container\" data-settings=\"{&quot;animation&quot;:&quot;zoomIn&quot;}\">\n\t\t\t\t<div class=\"elementor-element elementor-element-4adf114 elementor-widget elementor-widget-heading\" data-id=\"4adf114\" data-element_type=\"widget\" data-e-type=\"widget\" data-widget_type=\"heading.default\">\n\t\t\t\t<div class=\"elementor-widget-container\">\n\t\t\t\t\t<h1 class=\"elementor-heading-title elementor-size-default\">Borovinov\u00e9 k\u00fapel\u00e9<\/h1>\t\t\t\t<\/div>\n\t\t\t\t<\/div>\n\t\t\t\t<div class=\"elementor-element elementor-element-2712560 elementor-widget elementor-widget-text-editor\" data-id=\"2712560\" data-element_type=\"widget\" data-e-type=\"widget\" data-widget_type=\"text-editor.default\">\n\t\t\t\t<div class=\"elementor-widget-container\">\n\t\t\t\t\t\t\t\t\t<p>v oblasti SPA&amp;Wellness \u201eGrzysno Przyjemnosc\u201c<\/p>\t\t\t\t\t\t\t\t<\/div>\n\t\t\t\t<\/div>\n\t\t\t\t<\/div>\n\t\t\t\t\t<\/div>\n\t\t\t\t<\/div>\n\t\t<div class=\"elementor-element elementor-element-bc454de e-flex e-con-boxed elementor-invisible e-con e-parent\" data-id=\"bc454de\" data-element_type=\"container\" data-e-type=\"container\" data-settings=\"{&quot;animation&quot;:&quot;fadeInUp&quot;}\">\n\t\t\t\t\t<div class=\"e-con-inner\">\n\t\t\t\t<div class=\"elementor-element elementor-element-02ab605 elementor-widget__width-initial elementor-widget elementor-widget-heading\" data-id=\"02ab605\" data-element_type=\"widget\" data-e-type=\"widget\" data-widget_type=\"heading.default\">\n\t\t\t\t<div class=\"elementor-widget-container\">\n\t\t\t\t\t<h2 class=\"elementor-heading-title elementor-size-default\">Borovinov\u00e9 k\u00fapel\u00e9<\/h2>\t\t\t\t<\/div>\n\t\t\t\t<\/div>\n\t\t\t\t<div class=\"elementor-element elementor-element-2cb41b2 elementor-widget elementor-widget-text-editor\" data-id=\"2cb41b2\" data-element_type=\"widget\" data-e-type=\"widget\" data-widget_type=\"text-editor.default\">\n\t\t\t\t<div class=\"elementor-widget-container\">\n\t\t\t\t\t\t\t\t\t<p>v <strong>term\u00e1lnych k\u00fape\u013eoch Gorny Potok<\/strong><\/p>\t\t\t\t\t\t\t\t<\/div>\n\t\t\t\t<\/div>\n\t\t\t\t<div class=\"elementor-element elementor-element-f1c6c9b elementor-widget elementor-widget-text-editor\" data-id=\"f1c6c9b\" data-element_type=\"widget\" data-e-type=\"widget\" data-widget_type=\"text-editor.default\">\n\t\t\t\t<div class=\"elementor-widget-container\">\n\t\t\t\t\t\t\t\t\t<p>Z\u00f3na SPA &amp; Wellness pon\u00faka podz\u00f3nu s bahenn\u00fdmi k\u00fape\u013emi v \u0161peci\u00e1lne pripraven\u00fdch kadiach. Bahno sa dod\u00e1va z \u010cierneho Dunajca. Bahenn\u00e9 k\u00fapele patria medzi najob\u013e\u00fabenej\u0161ie lie\u010debn\u00e9 k\u00fapele na svete. Maj\u00fa zdravotn\u00e9 a kozmetick\u00e9 \u00fa\u010dinky: spev\u0148uj\u00fa, omladzuj\u00fa a vy\u017eivuj\u00fa poko\u017eku tv\u00e1re a tela.  <\/p>\t\t\t\t\t\t\t\t<\/div>\n\t\t\t\t<\/div>\n\t\t\t\t\t<\/div>\n\t\t\t\t<\/div>\n\t\t<div class=\"elementor-element elementor-element-48f23f0 e-flex e-con-boxed elementor-invisible e-con e-parent\" data-id=\"48f23f0\" data-element_type=\"container\" data-e-type=\"container\" data-settings=\"{&quot;animation&quot;:&quot;fadeInUp&quot;}\">\n\t\t\t\t\t<div class=\"e-con-inner\">\n\t\t<div class=\"elementor-element elementor-element-215fa29 e-con-full e-flex e-con e-child\" data-id=\"215fa29\" data-element_type=\"container\" data-e-type=\"container\">\n\t\t\t\t<div class=\"elementor-element elementor-element-7bea60c elementor-widget elementor-widget-text-editor\" data-id=\"7bea60c\" data-element_type=\"widget\" data-e-type=\"widget\" data-widget_type=\"text-editor.default\">\n\t\t\t\t<div class=\"elementor-widget-container\">\n\t\t\t\t\t\t\t\t\t<h2><strong>\u010co je ra\u0161elina?<\/strong><\/h2><p>Ra\u0161elina &#8211; je neodvodnen\u00e1 ra\u0161elina, ktor\u00e1 vznik\u00e1 rozkladom mo\u010diarnej veget\u00e1cie za \u00fa\u010dasti vzduchu a mikroorganizmov (najm\u00e4 bakt\u00e9ri\u00ed). Za zmienku stoj\u00ed, \u017ee n\u00e1nosy, z ktor\u00fdch ra\u0161elina vznik\u00e1, sa vytvorili po \u00fastupe \u013eadovca (pribli\u017ene 10 000 rokov pred na\u0161\u00edm letopo\u010dtom!). Dodnes sa pou\u017e\u00edva pri lie\u010dbe a lie\u010den\u00ed zdravotn\u00fdch probl\u00e9mov. T\u00e1to organick\u00e1 hmota vykazuje antibakteri\u00e1lne a protiples\u0148ov\u00e9 vlastnosti. Zlep\u0161uje metabolizmus buniek a okysli\u010dovanie tkan\u00edv t\u00fdm, \u017ee zvy\u0161uje krvn\u00fd obeh.    <\/p>\t\t\t\t\t\t\t\t<\/div>\n\t\t\t\t<\/div>\n\t\t\t\t<\/div>\n\t\t\t\t\t<\/div>\n\t\t\t\t<\/div>\n\t\t<div class=\"elementor-element elementor-element-bcb7310 e-flex e-con-boxed e-con e-parent\" data-id=\"bcb7310\" data-element_type=\"container\" data-e-type=\"container\">\n\t\t\t\t\t<div class=\"e-con-inner\">\n\t\t<div class=\"elementor-element elementor-element-11a1e64 e-con-full e-flex elementor-invisible e-con e-child\" data-id=\"11a1e64\" data-element_type=\"container\" data-e-type=\"container\" data-settings=\"{&quot;animation&quot;:&quot;fadeInLeft&quot;}\">\n\t\t\t\t<div class=\"elementor-element elementor-element-f988c6c elementor-widget elementor-widget-heading\" data-id=\"f988c6c\" data-element_type=\"widget\" data-e-type=\"widget\" data-widget_type=\"heading.default\">\n\t\t\t\t<div class=\"elementor-widget-container\">\n\t\t\t\t\t<h2 class=\"elementor-heading-title elementor-size-default\">Ra\u0161elina - pou\u017eitie v kozmetike<\/h2>\t\t\t\t<\/div>\n\t\t\t\t<\/div>\n\t\t\t\t<div class=\"elementor-element elementor-element-7768453 elementor-widget elementor-widget-text-editor\" data-id=\"7768453\" data-element_type=\"widget\" data-e-type=\"widget\" data-widget_type=\"text-editor.default\">\n\t\t\t\t<div class=\"elementor-widget-container\">\n\t\t\t\t\t\t\t\t\t<p><strong>v\u00fdhody pre<\/strong> poko\u017eku a telo<\/p>\t\t\t\t\t\t\t\t<\/div>\n\t\t\t\t<\/div>\n\t\t\t\t<div class=\"elementor-element elementor-element-330cc97 elementor-widget elementor-widget-text-editor\" data-id=\"330cc97\" data-element_type=\"widget\" data-e-type=\"widget\" data-widget_type=\"text-editor.default\">\n\t\t\t\t<div class=\"elementor-widget-container\">\n\t\t\t\t\t\t\t\t\t<ul><li>Detoxikuje a \u010dist\u00ed poko\u017eku,<\/li><li>Upokojuj\u00faci, relaxa\u010dn\u00fd a po\u017eitk\u00e1rsky,<\/li><li>Podporuje redukciu celulit\u00eddy,<\/li><li>Spev\u0148uje a vyp\u00edna poko\u017eku tv\u00e1re a tela,<\/li><li>Omladzuje, redukuje a zmen\u0161uje vr\u00e1sky,<\/li><li>Zosvet\u013euje akn\u00e9 a sfarbenie sp\u00f4soben\u00e9 slnkom,<\/li><li>P\u00f4sob\u00ed proti akn\u00e9 a protiz\u00e1palovo,<\/li><li>Posil\u0148uje vlasy, zni\u017euje vypad\u00e1vanie vlasov, zlep\u0161uje ich stav.<\/li><\/ul>\t\t\t\t\t\t\t\t<\/div>\n\t\t\t\t<\/div>\n\t\t\t\t<\/div>\n\t\t<div class=\"elementor-element elementor-element-0d4041f e-con-full e-flex elementor-invisible e-con e-child\" data-id=\"0d4041f\" data-element_type=\"container\" data-e-type=\"container\" data-settings=\"{&quot;animation&quot;:&quot;fadeInRight&quot;}\">\n\t\t\t\t<div class=\"elementor-element elementor-element-07a4ce9 elementor-widget elementor-widget-image\" data-id=\"07a4ce9\" data-element_type=\"widget\" data-e-type=\"widget\" data-widget_type=\"image.default\">\n\t\t\t\t<div class=\"elementor-widget-container\">\n\t\t\t\t\t\t\t\t\t\t\t\t\t\t\t<img fetchpriority=\"high\" decoding=\"async\" width=\"1200\" height=\"800\" src=\"https:\/\/goracypotok.pl\/wp-content\/uploads\/2025\/07\/wiaderko-borowina.webp\" class=\"attachment-full size-full wp-image-7267\" alt=\"Wiaderko z borowin\u0105\" srcset=\"https:\/\/goracypotok.pl\/wp-content\/uploads\/2025\/07\/wiaderko-borowina.webp 1200w, https:\/\/goracypotok.pl\/wp-content\/uploads\/2025\/07\/wiaderko-borowina-300x200.webp 300w, https:\/\/goracypotok.pl\/wp-content\/uploads\/2025\/07\/wiaderko-borowina-1024x683.webp 1024w, https:\/\/goracypotok.pl\/wp-content\/uploads\/2025\/07\/wiaderko-borowina-768x512.webp 768w, https:\/\/goracypotok.pl\/wp-content\/uploads\/2025\/07\/wiaderko-borowina-391x260.webp 391w\" sizes=\"(max-width: 1200px) 100vw, 1200px\" \/>\t\t\t\t\t\t\t\t\t\t\t\t\t\t\t<\/div>\n\t\t\t\t<\/div>\n\t\t\t\t<\/div>\n\t\t\t\t\t<\/div>\n\t\t\t\t<\/div>\n\t\t<div class=\"elementor-element elementor-element-c1f4b17 e-flex e-con-boxed e-con e-parent\" data-id=\"c1f4b17\" data-element_type=\"container\" data-e-type=\"container\">\n\t\t\t\t\t<div class=\"e-con-inner\">\n\t\t<div class=\"elementor-element elementor-element-026957f e-con-full e-flex elementor-invisible e-con e-child\" data-id=\"026957f\" data-element_type=\"container\" data-e-type=\"container\" data-settings=\"{&quot;animation&quot;:&quot;fadeInLeft&quot;}\">\n\t\t\t\t<div class=\"elementor-element elementor-element-8b35510 elementor-widget elementor-widget-image\" data-id=\"8b35510\" data-element_type=\"widget\" data-e-type=\"widget\" data-widget_type=\"image.default\">\n\t\t\t\t<div class=\"elementor-widget-container\">\n\t\t\t\t\t\t\t\t\t\t\t\t\t\t\t<img decoding=\"async\" width=\"1200\" height=\"800\" src=\"https:\/\/goracypotok.pl\/wp-content\/uploads\/2025\/07\/masaz-twarzy-borowina.webp\" class=\"attachment-full size-full wp-image-7027\" alt=\"Masa\u017c twarzy borowin\u0105\" srcset=\"https:\/\/goracypotok.pl\/wp-content\/uploads\/2025\/07\/masaz-twarzy-borowina.webp 1200w, https:\/\/goracypotok.pl\/wp-content\/uploads\/2025\/07\/masaz-twarzy-borowina-300x200.webp 300w, https:\/\/goracypotok.pl\/wp-content\/uploads\/2025\/07\/masaz-twarzy-borowina-1024x683.webp 1024w, https:\/\/goracypotok.pl\/wp-content\/uploads\/2025\/07\/masaz-twarzy-borowina-768x512.webp 768w, https:\/\/goracypotok.pl\/wp-content\/uploads\/2025\/07\/masaz-twarzy-borowina-391x260.webp 391w\" sizes=\"(max-width: 1200px) 100vw, 1200px\" \/>\t\t\t\t\t\t\t\t\t\t\t\t\t\t\t<\/div>\n\t\t\t\t<\/div>\n\t\t\t\t<\/div>\n\t\t<div class=\"elementor-element elementor-element-a894ec6 e-con-full e-flex elementor-invisible e-con e-child\" data-id=\"a894ec6\" data-element_type=\"container\" data-e-type=\"container\" data-settings=\"{&quot;animation&quot;:&quot;fadeInRight&quot;}\">\n\t\t\t\t<div class=\"elementor-element elementor-element-739de43 elementor-widget elementor-widget-heading\" data-id=\"739de43\" data-element_type=\"widget\" data-e-type=\"widget\" data-widget_type=\"heading.default\">\n\t\t\t\t<div class=\"elementor-widget-container\">\n\t\t\t\t\t<h2 class=\"elementor-heading-title elementor-size-default\">Terapeutick\u00e9 vyu\u017eitie ra\u0161eliny<\/h2>\t\t\t\t<\/div>\n\t\t\t\t<\/div>\n\t\t\t\t<div class=\"elementor-element elementor-element-f123d45 elementor-widget elementor-widget-text-editor\" data-id=\"f123d45\" data-element_type=\"widget\" data-e-type=\"widget\" data-widget_type=\"text-editor.default\">\n\t\t\t\t<div class=\"elementor-widget-container\">\n\t\t\t\t\t\t\t\t\t<p>objavte <strong>zdravotn\u00e9 v\u00fdhody ra\u0161eliny<\/strong><\/p>\t\t\t\t\t\t\t\t<\/div>\n\t\t\t\t<\/div>\n\t\t\t\t<div class=\"elementor-element elementor-element-092f771 elementor-widget elementor-widget-text-editor\" data-id=\"092f771\" data-element_type=\"widget\" data-e-type=\"widget\" data-widget_type=\"text-editor.default\">\n\t\t\t\t<div class=\"elementor-widget-container\">\n\t\t\t\t\t\t\t\t\t<ul><li>Zmier\u0148uje bolestiv\u00fa men\u0161tru\u00e1ciu a pr\u00edznaky menopauzy,<\/li><li>Ur\u00fdch\u013euje hojenie z\u00e1palov po\u0161vy, adnex a er\u00f3zi\u00ed,<\/li><li>U\u013eavuje od bolesti chrbta, reumatickej bolesti, bolesti ischias, bolesti po oper\u00e1ci\u00e1ch,<\/li><li>Lie\u010di opuchy a modriny,<\/li><li>Zmier\u0148uje z\u00e1palov\u00e9 stavy \u010driev a vredov\u00fa chorobu, uvo\u013e\u0148uje \u010drevn\u00e9 k\u0155\u010de,<\/li><li>Uvo\u013e\u0148uje nap\u00e4t\u00e9 svaly na celom tele,<\/li><li>Indikovan\u00fd pri hormon\u00e1lnej hypotyre\u00f3ze vaje\u010dn\u00edkov,<\/li><li>M\u00e1 uvo\u013e\u0148uj\u00faci \u00fa\u010dinok pri nadmernom nervovom vyp\u00e4t\u00ed.<\/li><\/ul>\t\t\t\t\t\t\t\t<\/div>\n\t\t\t\t<\/div>\n\t\t\t\t<\/div>\n\t\t\t\t\t<\/div>\n\t\t\t\t<\/div>\n\t\t<div class=\"elementor-element elementor-element-5bc2f52 e-flex e-con-boxed elementor-invisible e-con e-parent\" data-id=\"5bc2f52\" data-element_type=\"container\" data-e-type=\"container\" data-settings=\"{&quot;animation&quot;:&quot;fadeInUp&quot;}\">\n\t\t\t\t\t<div class=\"e-con-inner\">\n\t\t\t\t<div class=\"elementor-element elementor-element-84d3273 elementor-widget elementor-widget-image\" data-id=\"84d3273\" data-element_type=\"widget\" data-e-type=\"widget\" data-widget_type=\"image.default\">\n\t\t\t\t<div class=\"elementor-widget-container\">\n\t\t\t\t\t\t\t\t\t\t\t\t\t\t\t<img decoding=\"async\" src=\"https:\/\/goracypotok.pl\/wp-content\/uploads\/2025\/06\/borowiny-strefa-spa.webp\" title=\"\" alt=\"Borowiny w strefie SPA\" loading=\"lazy\" \/>\t\t\t\t\t\t\t\t\t\t\t\t\t\t\t<\/div>\n\t\t\t\t<\/div>\n\t\t\t\t<div class=\"elementor-element elementor-element-d1ebe89 elementor-widget elementor-widget-image\" data-id=\"d1ebe89\" data-element_type=\"widget\" data-e-type=\"widget\" data-widget_type=\"image.default\">\n\t\t\t\t<div class=\"elementor-widget-container\">\n\t\t\t\t\t\t\t\t\t\t\t\t\t\t\t<img decoding=\"async\" width=\"600\" height=\"900\" src=\"https:\/\/goracypotok.pl\/wp-content\/uploads\/2025\/06\/kapiele-borowinowe-termy-goracy-potok.webp\" class=\"attachment-full size-full wp-image-6313\" alt=\"Nacieranie borowin\u0105 w strefie SPA\" srcset=\"https:\/\/goracypotok.pl\/wp-content\/uploads\/2025\/06\/kapiele-borowinowe-termy-goracy-potok.webp 600w, https:\/\/goracypotok.pl\/wp-content\/uploads\/2025\/06\/kapiele-borowinowe-termy-goracy-potok-200x300.webp 200w\" sizes=\"(max-width: 600px) 100vw, 600px\" \/>\t\t\t\t\t\t\t\t\t\t\t\t\t\t\t<\/div>\n\t\t\t\t<\/div>\n\t\t\t\t<div class=\"elementor-element elementor-element-5fca498 elementor-widget elementor-widget-image\" data-id=\"5fca498\" data-element_type=\"widget\" data-e-type=\"widget\" data-widget_type=\"image.default\">\n\t\t\t\t<div class=\"elementor-widget-container\">\n\t\t\t\t\t\t\t\t\t\t\t\t\t\t\t<img loading=\"lazy\" decoding=\"async\" width=\"1200\" height=\"800\" src=\"https:\/\/goracypotok.pl\/wp-content\/uploads\/2025\/07\/strefa-borowin.webp\" class=\"attachment-full size-full wp-image-7031\" alt=\"Strefa borowin\" srcset=\"https:\/\/goracypotok.pl\/wp-content\/uploads\/2025\/07\/strefa-borowin.webp 1200w, https:\/\/goracypotok.pl\/wp-content\/uploads\/2025\/07\/strefa-borowin-300x200.webp 300w, https:\/\/goracypotok.pl\/wp-content\/uploads\/2025\/07\/strefa-borowin-1024x683.webp 1024w, https:\/\/goracypotok.pl\/wp-content\/uploads\/2025\/07\/strefa-borowin-768x512.webp 768w, https:\/\/goracypotok.pl\/wp-content\/uploads\/2025\/07\/strefa-borowin-391x260.webp 391w\" sizes=\"(max-width: 1200px) 100vw, 1200px\" \/>\t\t\t\t\t\t\t\t\t\t\t\t\t\t\t<\/div>\n\t\t\t\t<\/div>\n\t\t\t\t\t<\/div>\n\t\t\t\t<\/div>\n\t\t<div class=\"elementor-element elementor-element-9ad868d e-flex e-con-boxed elementor-invisible e-con e-parent\" data-id=\"9ad868d\" data-element_type=\"container\" data-e-type=\"container\" data-settings=\"{&quot;animation&quot;:&quot;fadeInUp&quot;}\">\n\t\t\t\t\t<div class=\"e-con-inner\">\n\t\t<div class=\"elementor-element elementor-element-08cecc4 e-con-full e-flex e-con e-child\" data-id=\"08cecc4\" data-element_type=\"container\" data-e-type=\"container\">\n\t\t\t\t<div class=\"elementor-element elementor-element-c36196f elementor-widget elementor-widget-text-editor\" data-id=\"c36196f\" data-element_type=\"widget\" data-e-type=\"widget\" data-widget_type=\"text-editor.default\">\n\t\t\t\t<div class=\"elementor-widget-container\">\n\t\t\t\t\t\t\t\t\t<h3><strong><b>Ra\u0161elina &#8211; kontraindik\u00e1cie ra\u0161elinov\u00fdch k\u00fape\u013eov<\/b><\/strong><\/h3><ul><li>Men\u0161tru\u00e1cia a in\u00e9 krv\u00e1canie z reproduk\u010dn\u00e9ho traktu, tehotenstvo,<\/li><li>Slabos\u0165, vychudnutie tela, mdloby,<\/li><li>Onkologick\u00e9 ochorenia,<\/li><li>Poranenia kost\u00ed a k\u013abov,<\/li><li>Vredy a k\u0155\u010dov\u00e9 \u017eily,<\/li><li>Kardiovaskul\u00e1rne ochorenia: ateroskler\u00f3za ciev, krehkos\u0165 ciev, srdcov\u00e9 zlyhanie, srdcov\u00e9 chyby, stav po infarkte, probl\u00e9my s tlakom,<\/li><li>Ak\u00fatne z\u00e1palov\u00e9 stavy,<\/li><li>Respira\u010dn\u00e9 zlyhanie,<\/li><li>Hypertyre\u00f3za,<\/li><li>Okrem toho! Bahenn\u00e9 k\u00fapele sa neodpor\u00fa\u010daj\u00fa mal\u00fdm de\u0165om. <\/li><\/ul>\t\t\t\t\t\t\t\t<\/div>\n\t\t\t\t<\/div>\n\t\t\t\t<\/div>\n\t\t\t\t\t<\/div>\n\t\t\t\t<\/div>\n\t\t<div class=\"elementor-element elementor-element-d02a144 e-flex e-con-boxed elementor-invisible e-con e-parent\" data-id=\"d02a144\" data-element_type=\"container\" data-e-type=\"container\" data-settings=\"{&quot;animation&quot;:&quot;fadeInUp&quot;}\">\n\t\t\t\t\t<div class=\"e-con-inner\">\n\t\t\t\t<div class=\"elementor-element elementor-element-5de2699 elementor-widget elementor-widget-heading\" data-id=\"5de2699\" data-element_type=\"widget\" data-e-type=\"widget\" data-widget_type=\"heading.default\">\n\t\t\t\t<div class=\"elementor-widget-container\">\n\t\t\t\t\t<h3 class=\"elementor-heading-title elementor-size-default\">Pozrite sa, \u010do \u010fal\u0161ie pon\u00faka oblas\u0165 SPA &amp; Wellness<\/h3>\t\t\t\t<\/div>\n\t\t\t\t<\/div>\n\t\t\t\t<div class=\"elementor-element elementor-element-da384f4 elementor-widget elementor-widget-text-editor\" data-id=\"da384f4\" data-element_type=\"widget\" data-e-type=\"widget\" data-widget_type=\"text-editor.default\">\n\t\t\t\t<div class=\"elementor-widget-container\">\n\t\t\t\t\t\t\t\t\t<p>v <strong>term\u00e1lnych k\u00fape\u013eoch Gorny Potok<\/strong><\/p>\t\t\t\t\t\t\t\t<\/div>\n\t\t\t\t<\/div>\n\t\t\t\t\t<\/div>\n\t\t\t\t<\/div>\n\t\t<div class=\"elementor-element elementor-element-87e767e e-flex e-con-boxed elementor-invisible e-con e-parent\" data-id=\"87e767e\" data-element_type=\"container\" data-e-type=\"container\" data-settings=\"{&quot;animation&quot;:&quot;fadeInUp&quot;}\">\n\t\t\t\t\t<div class=\"e-con-inner\">\n\t\t<a class=\"elementor-element elementor-element-e0fec0a e-con-full e-flex e-con e-child\" data-id=\"e0fec0a\" data-element_type=\"container\" data-e-type=\"container\" data-settings=\"{&quot;background_background&quot;:&quot;classic&quot;}\" href=\"https:\/\/goracypotok.pl\/sk\/kupelne-procedury\/\">\n\t\t\t\t<div class=\"elementor-element elementor-element-242204a elementor-widget elementor-widget-heading\" data-id=\"242204a\" data-element_type=\"widget\" data-e-type=\"widget\" data-widget_type=\"heading.default\">\n\t\t\t\t<div class=\"elementor-widget-container\">\n\t\t\t\t\t<h2 class=\"elementor-heading-title elementor-size-default\">K\u00fape\u013en\u00e9 proced\u00fary a mas\u00e1\u017ee<\/h2>\t\t\t\t<\/div>\n\t\t\t\t<\/div>\n\t\t\t\t<\/a>\n\t\t<a class=\"elementor-element elementor-element-609f2a0 e-con-full e-flex e-con e-child\" data-id=\"609f2a0\" data-element_type=\"container\" data-e-type=\"container\" data-settings=\"{&quot;background_background&quot;:&quot;classic&quot;}\" href=\"https:\/\/goracypotok.pl\/sk\/saunarium\/\">\n\t\t\t\t<div class=\"elementor-element elementor-element-ba93852 elementor-widget elementor-widget-heading\" data-id=\"ba93852\" data-element_type=\"widget\" data-e-type=\"widget\" data-widget_type=\"heading.default\">\n\t\t\t\t<div class=\"elementor-widget-container\">\n\t\t\t\t\t<h2 class=\"elementor-heading-title elementor-size-default\">Saunarium<\/h2>\t\t\t\t<\/div>\n\t\t\t\t<\/div>\n\t\t\t\t<\/a>\n\t\t<a class=\"elementor-element elementor-element-3aee2ed e-con-full e-flex e-con e-child\" data-id=\"3aee2ed\" data-element_type=\"container\" data-e-type=\"container\" data-settings=\"{&quot;background_background&quot;:&quot;classic&quot;}\" href=\"https:\/\/goracypotok.pl\/sk\/granitove-vanicky\/\">\n\t\t\t\t<div class=\"elementor-element elementor-element-86ec2c5 elementor-widget elementor-widget-heading\" data-id=\"86ec2c5\" data-element_type=\"widget\" data-e-type=\"widget\" data-widget_type=\"heading.default\">\n\t\t\t\t<div class=\"elementor-widget-container\">\n\t\t\t\t\t<h2 class=\"elementor-heading-title elementor-size-default\">Granitove Vani\u010dky<\/h2>\t\t\t\t<\/div>\n\t\t\t\t<\/div>\n\t\t\t\t<\/a>\n\t\t\t\t\t<\/div>\n\t\t\t\t<\/div>\n\t\t\t\t<\/div>\n\t\t","protected":false},"excerpt":{"rendered":"<p>Borovinov\u00e9 k\u00fapel\u00e9 v oblasti SPA&amp;Wellness \u201eGrzysno Przyjemnosc\u201c Borovinov\u00e9 k\u00fapel\u00e9 v term\u00e1lnych k\u00fape\u013eoch Gorny Potok Z\u00f3na SPA &amp; Wellness pon\u00faka podz\u00f3nu s bahenn\u00fdmi k\u00fape\u013emi v \u0161peci\u00e1lne pripraven\u00fdch kadiach. Bahno sa dod\u00e1va z \u010cierneho Dunajca. Bahenn\u00e9 k\u00fapele patria medzi najob\u013e\u00fabenej\u0161ie lie\u010debn\u00e9 k\u00fapele na svete. Maj\u00fa zdravotn\u00e9 a kozmetick\u00e9 \u00fa\u010dinky: spev\u0148uj\u00fa, omladzuj\u00fa a vy\u017eivuj\u00fa poko\u017eku tv\u00e1re a tela. [&hellip;]<\/p>\n","protected":false},"author":1,"featured_media":0,"parent":0,"menu_order":0,"comment_status":"closed","ping_status":"closed","template":"","meta":{"footnotes":""},"class_list":["post-6302","page","type-page","status-publish","hentry"],"blocksy_meta":[],"_links":{"self":[{"href":"https:\/\/goracypotok.pl\/sk\/wp-json\/wp\/v2\/pages\/6302","targetHints":{"allow":["GET"]}}],"collection":[{"href":"https:\/\/goracypotok.pl\/sk\/wp-json\/wp\/v2\/pages"}],"about":[{"href":"https:\/\/goracypotok.pl\/sk\/wp-json\/wp\/v2\/types\/page"}],"author":[{"embeddable":true,"href":"https:\/\/goracypotok.pl\/sk\/wp-json\/wp\/v2\/users\/1"}],"replies":[{"embeddable":true,"href":"https:\/\/goracypotok.pl\/sk\/wp-json\/wp\/v2\/comments?post=6302"}],"version-history":[{"count":8,"href":"https:\/\/goracypotok.pl\/sk\/wp-json\/wp\/v2\/pages\/6302\/revisions"}],"predecessor-version":[{"id":11744,"href":"https:\/\/goracypotok.pl\/sk\/wp-json\/wp\/v2\/pages\/6302\/revisions\/11744"}],"wp:attachment":[{"href":"https:\/\/goracypotok.pl\/sk\/wp-json\/wp\/v2\/media?parent=6302"}],"curies":[{"name":"wp","href":"https:\/\/api.w.org\/{rel}","templated":true}]}}